{"id":15,"date":"2023-10-03T20:26:52","date_gmt":"2023-10-03T18:26:52","guid":{"rendered":"https:\/\/danielemounet.com\/?page_id=15"},"modified":"2025-09-18T10:07:39","modified_gmt":"2025-09-18T08:07:39","slug":"meditation-interactives","status":"publish","type":"page","link":"https:\/\/danielemounet.com\/index.php\/meditation-interactives\/","title":{"rendered":"M\u00e9ditation"},"content":{"rendered":"\n<div class=\"wp-block-uagb-container uagb-block-1850952a alignfull uagb-is-root-container\"><div class=\"uagb-container-inner-blocks-wrap\">\n<div class=\"wp-block-uagb-advanced-heading uagb-block-65456fed\"><h6 class=\"uagb-heading-text\">Invitez vous au voyage<\/h6><\/div>\n\n\n\n<div class=\"wp-block-uagb-info-box uagb-block-d620a051 uagb-infobox__content-wrap  uagb-infobox-icon-above-title uagb-infobox-image-valign-top\"><div class=\"uagb-ifb-content\"><div class=\"uagb-ifb-title-wrap\"><h1 class=\"uagb-ifb-title\">M\u00e9ditation <\/h1><\/div><\/div><\/div>\n\n\n      \n\t\t\t<div data-aos= \"slide-up\" data-aos-duration=\"400\" data-aos-delay=\"0\" data-aos-easing=\"ease\" data-aos-once=\"true\" class=\"uagb-icon-wrapper uagb-block-4e53edd0  \"\t>\n\t\t\t\t\t\t\t\t\t<span class=\"uagb-svg-wrapper\" \n\t\t\t\t\t aria-label=\"chevron-down\"\t\t\t\t\ttabindex=\"0\">\t\t\n\t\t\t\t\t\t\t\t\t\t<svg xmlns=\"https:\/\/www.w3.org\/2000\/svg\" viewBox= \"0 0 448 512\" role=\"graphics-symbol\" aria-hidden=\"false\" aria-label=\"\"><path d=\"M224 416c-8.188 0-16.38-3.125-22.62-9.375l-192-192c-12.5-12.5-12.5-32.75 0-45.25s32.75-12.5 45.25 0L224 338.8l169.4-169.4c12.5-12.5 32.75-12.5 45.25 0s12.5 32.75 0 45.25l-192 192C240.4 412.9 232.2 416 224 416z\"><\/path><\/svg>\n\t\t\t\t\t\t\t\t\t<\/span>\n\t\t\t\t\t\t\t<\/div>\n\t\t\t<\/div><\/div>\n\n\n\n<div class=\"wp-block-uagb-container uagb-block-2ebf56f7 alignfull uagb-is-root-container\"><div class=\"uagb-container-inner-blocks-wrap\">\n<div data-aos= \"fade-down\" data-aos-duration=\"400\" data-aos-delay=\"0\" data-aos-easing=\"ease\" data-aos-once=\"true\" class=\"wp-block-uagb-info-box uagb-block-e1750f1a uagb-infobox__content-wrap  uagb-infobox-icon-above-title uagb-infobox-image-valign-top\"><div class=\"uagb-ifb-content\"><div class=\"uagb-ifb-title-wrap\"><h2 class=\"uagb-ifb-title\">La m\u00e9ditation, <br>un voyage int\u00e9rieur et un levier de transformation<\/h2><\/div><p class=\"uagb-ifb-desc\">Je vous propose de partir dans un voyage intime dans un \u00e9tat de conscience \u00e9largie.<br><\/p><\/div><\/div>\n\n\n\n<div class=\"wp-block-uagb-container uagb-block-84204015\">\n<div class=\"wp-block-uagb-container uagb-block-f7fd79e5\">\n<div class=\"wp-block-uagb-info-box uagb-block-50d5df87 uagb-infobox__content-wrap  uagb-infobox-icon-above-title uagb-infobox-image-valign-top\"><div class=\"uagb-ifb-content\"><div class=\"uagb-ifb-title-wrap\"><h3 class=\"uagb-ifb-title\">Qu&rsquo;allez-vous d\u00e9couvrir dans cette m\u00e9ditation ?<\/h3><\/div><p class=\"uagb-ifb-desc\">Il s&rsquo;agit d&rsquo;une m\u00e9ditation personnalis\u00e9e et interactive en \u00e9tat alpha. Vos principaux canaux de perception s&rsquo;ouvrent. Leur guidance vous aide \u00e0 contourner le mental, \u00e0 l\u00e2cher prise, \u00e0 avoir des prises de conscience et \u00e0 acc\u00e9der ainsi \u00e0 certaines cl\u00e9s n\u00e9cessaires \u00e0 votre \u00e9volution ou \u00e0 la r\u00e9solution de votre probl\u00e8me.<br>Je pratique personnellement la m\u00e9ditation depuis plus de 20 ans, je suis convaincue qu&rsquo;elle est un pr\u00e9cieux levier de transformation, tout s&rsquo;amplifie dans une immense onde d&rsquo;amour et de l\u00e2cher prise.<\/p><\/div><\/div>\n<\/div>\n\n\n\n<div class=\"wp-block-uagb-container uagb-block-3f810465\"><\/div>\n<\/div>\n\n\n\n<div class=\"wp-block-uagb-container uagb-block-e46a3d02\">\n<div class=\"wp-block-uagb-container uagb-block-6f82edc2\"><\/div>\n\n\n\n<div class=\"wp-block-uagb-container uagb-block-9a2574bf\">\n<div class=\"wp-block-uagb-info-box uagb-block-a5846f53 uagb-infobox__content-wrap  uagb-infobox-icon-above-title uagb-infobox-image-valign-top\"><div class=\"uagb-ifb-content\"><div class=\"uagb-ifb-title-wrap\"><h3 class=\"uagb-ifb-title\">Voyage \u00e0 la d\u00e9couverte de soi<\/h3><\/div><p class=\"uagb-ifb-desc\">Cette m\u00e9ditation personnalis\u00e9e vous aide \u00e0 vous ouvrir sur d&rsquo;autres possibles que vous n&rsquo;auriez m\u00eame pas imagin\u00e9 auparavant. <br>En effet, vos perceptions deviennent diff\u00e9rentes et certaines barri\u00e8res du mental tombent. Vous abordez votre probl\u00e9matique avec un regard nouveau et votre existence actuelle peut se transformer positivement.<\/p><\/div><\/div>\n\n\n\n<div data-aos= \"fade-left\" data-aos-duration=\"400\" data-aos-delay=\"0\" data-aos-easing=\"ease\" data-aos-once=\"true\" class=\"wp-block-uagb-buttons uagb-buttons__outer-wrap uagb-btn__default-btn uagb-btn-tablet__default-btn uagb-btn-mobile__default-btn uagb-block-e2734a26\"><div class=\"uagb-buttons__wrap uagb-buttons-layout-wrap \">\n<div class=\"wp-block-uagb-buttons-child uagb-buttons__outer-wrap uagb-block-3d6209e1 wp-block-button\"><div class=\"uagb-button__wrapper\"><a class=\"uagb-buttons-repeater wp-block-button__link\" aria-label=\"\" href=\"https:\/\/danielemounet.com\/index.php\/contact\/\" rel=\"follow noopener\" target=\"_self\" role=\"button\"><div class=\"uagb-button__link\">R\u00e9server<\/div><span class=\"uagb-button__icon uagb-button__icon-position-after\"><svg xmlns=\"https:\/\/www.w3.org\/2000\/svg\" viewBox=\"0 0 512 512\" aria-hidden=\"true\" focussable=\"false\"><path d=\"M502.6 278.6l-128 128c-12.51 12.51-32.76 12.49-45.25 0c-12.5-12.5-12.5-32.75 0-45.25L402.8 288H32C14.31 288 0 273.7 0 255.1S14.31 224 32 224h370.8l-73.38-73.38c-12.5-12.5-12.5-32.75 0-45.25s32.75-12.5 45.25 0l128 128C515.1 245.9 515.1 266.1 502.6 278.6z\"><\/path><\/svg><\/span><\/a><\/div><\/div>\n<\/div><\/div>\n<\/div>\n<\/div>\n<\/div><\/div>\n\n\n\n<div class=\"wp-block-uagb-container uagb-block-56cba84a alignfull uagb-is-root-container\"><div class=\"uagb-container-inner-blocks-wrap\">\n<div class=\"wp-block-uagb-container uagb-block-a7f0b104\">\n<div class=\"wp-block-uagb-advanced-heading uagb-block-3b947371\"><h6 class=\"uagb-heading-text\">Invitez-vous au voyage<\/h6><\/div>\n\n\n\n<div class=\"wp-block-uagb-info-box uagb-block-a801916f uagb-infobox__content-wrap  uagb-infobox-icon-above-title uagb-infobox-image-valign-top\"><div class=\"uagb-ifb-content\"><div class=\"uagb-ifb-title-wrap\"><h2 class=\"uagb-ifb-title\">R\u00e9servez votre m\u00e9ditation personnalis\u00e9e<\/h2><\/div><p class=\"uagb-ifb-desc\">Un feedback est inclus apr\u00e8s la m\u00e9ditation. La s\u00e9ance s&rsquo;effectue en visio.<br><em>Mes m\u00e9ditations ne se substituent pas aux traitements conventionnels, ne permettent pas de poser un diagnostic, ne remplacent pas un avis de m\u00e9decin, psychologue, psychoth\u00e9rapeute\u2026 et un suivi m\u00e9dical .<\/em><br><br><strong>Tarif de la s\u00e9ance : 50 \u20ac<br>Dur\u00e9e :1h <br>(Adultes exclusivement)<\/strong><\/p><\/div><\/div>\n\n\n\n<div class=\"wp-block-uagb-info-box uagb-block-6c73f869 uagb-infobox__content-wrap  uagb-infobox-icon-left uagb-infobox-left uagb-infobox-image-valign-top\"><div class=\"uagb-ifb-icon-wrap\"><svg xmlns=\"https:\/\/www.w3.org\/2000\/svg\" viewBox=\"0 0 384 512\"><path d=\"M168.3 499.2C116.1 435 0 279.4 0 192C0 85.96 85.96 0 192 0C298 0 384 85.96 384 192C384 279.4 267 435 215.7 499.2C203.4 514.5 180.6 514.5 168.3 499.2H168.3zM192 256C227.3 256 256 227.3 256 192C256 156.7 227.3 128 192 128C156.7 128 128 156.7 128 192C128 227.3 156.7 256 192 256z\"><\/path><\/svg><\/div><div class=\"uagb-ifb-content\"><div class=\"uagb-ifb-title-wrap\"><h6 class=\"uagb-ifb-title\">LOCALISATION<\/h6><\/div><p class=\"uagb-ifb-desc\">Partout ! Depuis Skype ou WhatsApp<\/p><div class=\"uagb-ifb-separator\"><\/div><\/div><\/div>\n\n\n\n<div class=\"wp-block-uagb-info-box uagb-block-2250d649 uagb-infobox__content-wrap  uagb-infobox-icon-left uagb-infobox-left uagb-infobox-image-valign-top\"><div class=\"uagb-ifb-icon-wrap\"><svg xmlns=\"https:\/\/www.w3.org\/2000\/svg\" viewBox=\"0 0 512 512\"><path d=\"M511.2 387l-23.25 100.8c-3.266 14.25-15.79 24.22-30.46 24.22C205.2 512 0 306.8 0 54.5c0-14.66 9.969-27.2 24.22-30.45l100.8-23.25C139.7-2.602 154.7 5.018 160.8 18.92l46.52 108.5c5.438 12.78 1.77 27.67-8.98 36.45L144.5 207.1c33.98 69.22 90.26 125.5 159.5 159.5l44.08-53.8c8.688-10.78 23.69-14.51 36.47-8.975l108.5 46.51C506.1 357.2 514.6 372.4 511.2 387z\"><\/path><\/svg><\/div><div class=\"uagb-ifb-content\"><div class=\"uagb-ifb-title-wrap\"><h6 class=\"uagb-ifb-title\">CONTACT<\/h6><\/div><p class=\"uagb-ifb-desc\">Besoin d&rsquo;en savoir plus, vous pouvez me contacter sur le site avec le formulaire ci-contre. MERCI<\/p><div class=\"uagb-ifb-separator\"><\/div><\/div><\/div>\n<\/div>\n\n\n\n<div class=\"wp-block-uagb-container uagb-block-222f632b\">\n<div class=\"wp-block-uagb-info-box uagb-block-42308781 uagb-infobox__content-wrap  uagb-infobox-icon-above-title uagb-infobox-image-valign-top\"><div class=\"uagb-ifb-content\"><div class=\"uagb-ifb-title-wrap\"><\/div><div class=\"uagb-ifb-separator\"><\/div><\/div><\/div>\n\n\n\n<div class=\"wp-block-uagb-forms uagb-forms__outer-wrap uagb-block-29038787 uagb-forms__medium-btn\"><form class=\"uagb-forms-main-form\" method=\"post\" autocomplete=\"on\" name=\"uagb-form-29038787\">\n<div class=\"wp-block-uagb-forms-name uagb-forms-name-wrap uagb-forms-field-set uagb-block-4ceaed83\"><div class=\"uagb-forms-name-label required uagb-forms-input-label\" id=\"4ceaed83\">Pr\u00e9nom<\/div><input type=\"text\" placeholder=\"John\" required class=\"uagb-forms-name-input uagb-forms-input\" name=\"4ceaed83\" autocomplete=\"given-name\"\/><\/div>\n\n\n\n<div class=\"wp-block-uagb-forms-name uagb-forms-name-wrap uagb-forms-field-set uagb-block-c7dc445c\"><div class=\"uagb-forms-name-label required uagb-forms-input-label\" id=\"c7dc445c\">Nom de Famille<\/div><input type=\"text\" placeholder=\"Doe\" required class=\"uagb-forms-name-input uagb-forms-input\" name=\"c7dc445c\" autocomplete=\"family-name\"\/><\/div>\n\n\n\n<div class=\"wp-block-uagb-forms-select uagb-forms-select-wrap uagb-forms-field-set uagb-block-56c32abf\"><div class=\"uagb-forms-select-label required uagb-forms-input-label\" id=\"56c32abf\">Votre demande concerne :<\/div><select class=\"uagb-forms-select-box uagb-forms-input\" required name=\"56c32abf\"><option value=\"\" disabled selected>Select your option<\/option><option value=\"Consultations\">Consultations<\/option><option value=\"M\u00e9ditation hypnotique\">M\u00e9ditation hypnotique<\/option><option value=\"Ateliers vivantiels\">Ateliers vivantiels<\/option><option value=\"Acheter mon livre &quot;Charl\u00e8ne ou la voix de la gu\u00e9rison&quot;\">Acheter mon livre \u00ab\u00a0Charl\u00e8ne ou la voix de la gu\u00e9rison\u00a0\u00bb<\/option><option value=\"Voyage initiatique dans le d\u00e9sert\">Voyage initiatique dans le d\u00e9sert<\/option><option value=\"Autre (pr\u00e9ciser)\">Autre (pr\u00e9ciser)<\/option><\/select><\/div>\n\n\n\n<div class=\"wp-block-uagb-forms-email uagb-forms-email-wrap uagb-forms-field-set uagb-block-c2620d54\"><div class=\"uagb-forms-email-label required uagb-forms-input-label\" id=\"c2620d54\">Email<\/div><input type=\"email\" class=\"uagb-forms-email-input uagb-forms-input\" placeholder=\"example@mail.com\" required name=\"c2620d54\" autocomplete=\"email\"\/><\/div>\n\n\n\n<div class=\"wp-block-uagb-forms-textarea uagb-forms-textarea-wrap uagb-forms-field-set uagb-block-3f28e216\"><div class=\"uagb-forms-textarea-label  uagb-forms-input-label\" id=\"3f28e216\">Message<\/div><textarea class=\"uagb-forms-textarea-input uagb-forms-input\" rows=\"4\" placeholder=\"Enter your message\" name=\"3f28e216\" autocomplete=\"off\"><\/textarea><\/div>\n<div class=\"uagb-forms-form-hidden-data\"><input type=\"hidden\" class=\"uagb_forms_form_label\" value=\"Formulaire de contact\"\/><input type=\"hidden\" class=\"uagb_forms_form_id\" value=\"uagb-form-29038787\"\/><\/div><div class=\"uagb-form-reacaptcha-error-29038787\"><\/div><div class=\"uagb-forms-main-submit-button-wrap wp-block-button\"><button class=\"uagb-forms-main-submit-button wp-block-button__link\"><div class=\"uagb-forms-main-submit-button-text\">Envoyer<\/div><\/button><\/div><\/form><div class=\"uagb-forms-success-message-29038787 uagb-forms-submit-message-hide\"><span>Votre demande a \u00e9t\u00e9 envoy\u00e9e correctement.<\/span><\/div><div class=\"uagb-forms-failed-message-29038787 uagb-forms-submit-message-hide\"><span>Il s&rsquo;est produit une erreur lors de l&rsquo;envoi de votre demande. Veuillez v\u00e9rifier les champs remplis et r\u00e9essayer.<\/span><\/div><\/div>\n<\/div>\n<\/div><\/div>\n","protected":false},"excerpt":{"rendered":"<p>Invitez vous au voyage Invitez-vous au voyage<\/p>\n","protected":false},"author":1,"featured_media":0,"parent":0,"menu_order":0,"comment_status":"closed","ping_status":"closed","template":"","meta":{"_uag_custom_page_level_css":"","_swt_meta_header_display":false,"_swt_meta_footer_display":false,"_swt_meta_site_title_display":true,"_swt_meta_sticky_header":false,"_swt_meta_transparent_header":false,"footnotes":""},"class_list":["post-15","page","type-page","status-publish","hentry"],"uagb_featured_image_src":{"full":false,"thumbnail":false,"medium":false,"medium_large":false,"large":false,"1536x1536":false,"2048x2048":false},"uagb_author_info":{"display_name":"Dani\u00e8le Mounet","author_link":"https:\/\/danielemounet.com\/index.php\/author\/admin3037\/"},"uagb_comment_info":0,"uagb_excerpt":"Invitez vous au voyage Invitez-vous au voyage","_links":{"self":[{"href":"https:\/\/danielemounet.com\/index.php\/wp-json\/wp\/v2\/pages\/15","targetHints":{"allow":["GET"]}}],"collection":[{"href":"https:\/\/danielemounet.com\/index.php\/wp-json\/wp\/v2\/pages"}],"about":[{"href":"https:\/\/danielemounet.com\/index.php\/wp-json\/wp\/v2\/types\/page"}],"author":[{"embeddable":true,"href":"https:\/\/danielemounet.com\/index.php\/wp-json\/wp\/v2\/users\/1"}],"replies":[{"embeddable":true,"href":"https:\/\/danielemounet.com\/index.php\/wp-json\/wp\/v2\/comments?post=15"}],"version-history":[{"count":129,"href":"https:\/\/danielemounet.com\/index.php\/wp-json\/wp\/v2\/pages\/15\/revisions"}],"predecessor-version":[{"id":1701,"href":"https:\/\/danielemounet.com\/index.php\/wp-json\/wp\/v2\/pages\/15\/revisions\/1701"}],"wp:attachment":[{"href":"https:\/\/danielemounet.com\/index.php\/wp-json\/wp\/v2\/media?parent=15"}],"curies":[{"name":"wp","href":"https:\/\/api.w.org\/{rel}","templated":true}]}}