{"id":169,"date":"2024-01-17T15:49:00","date_gmt":"2024-01-17T14:49:00","guid":{"rendered":"https:\/\/danielemounet.com\/?page_id=169"},"modified":"2025-10-04T23:57:59","modified_gmt":"2025-10-04T21:57:59","slug":"cd-livre","status":"publish","type":"page","link":"https:\/\/danielemounet.com\/index.php\/cd-livre\/","title":{"rendered":"CD &#8211; Livre"},"content":{"rendered":"\n<div class=\"wp-block-uagb-container uagb-block-1850952a alignfull uagb-is-root-container\"><div class=\"uagb-container-inner-blocks-wrap\">\n<div class=\"wp-block-uagb-info-box uagb-block-d620a051 uagb-infobox__content-wrap  uagb-infobox-icon-above-title uagb-infobox-image-valign-top\"><div class=\"uagb-ifb-content\"><div class=\"uagb-ifb-title-wrap\"><h1 class=\"uagb-ifb-title\">Albums &#8211; CD &#8211; Livre<\/h1><\/div><\/div><\/div>\n\n\n      \n\t\t\t<div class=\"uagb-icon-wrapper uagb-block-4f4761eb  \"\t>\n\t\t\t\t\t\t\t\t\t<span class=\"uagb-svg-wrapper\" \n\t\t\t\t\t aria-label=\"chevron-down\"\t\t\t\t\ttabindex=\"0\">\t\t\n\t\t\t\t\t\t\t\t\t\t<svg xmlns=\"https:\/\/www.w3.org\/2000\/svg\" viewBox= \"0 0 448 512\" role=\"graphics-symbol\" aria-hidden=\"false\" aria-label=\"\"><path d=\"M224 416c-8.188 0-16.38-3.125-22.62-9.375l-192-192c-12.5-12.5-12.5-32.75 0-45.25s32.75-12.5 45.25 0L224 338.8l169.4-169.4c12.5-12.5 32.75-12.5 45.25 0s12.5 32.75 0 45.25l-192 192C240.4 412.9 232.2 416 224 416z\"><\/path><\/svg>\n\t\t\t\t\t\t\t\t\t<\/span>\n\t\t\t\t\t\t\t<\/div>\n\t\t\t<\/div><\/div>\n\n\n\n<div class=\"wp-block-uagb-container uagb-block-e4221059 alignfull uagb-is-root-container\"><div class=\"uagb-container-inner-blocks-wrap\">\n<div class=\"wp-block-uagb-container uagb-block-8bae9270\">\n<div class=\"wp-block-uagb-container uagb-block-76cd0fad alignfull uagb-is-root-container\"><div class=\"uagb-container-inner-blocks-wrap\">\n<div class=\"wp-block-uagb-container uagb-block-54291d2b\">\n<div class=\"wp-block-uagb-image alignleft uagb-block-b1508ac9 wp-block-uagb-image--layout-default wp-block-uagb-image--effect-static wp-block-uagb-image--align-left\"><figure class=\"wp-block-uagb-image__figure\"><img loading=\"lazy\" decoding=\"async\" srcset=\"https:\/\/danielemounet.com\/wp-content\/uploads\/2024\/04\/Capture-decran-Enrgie-Gayia-1024x858.png ,https:\/\/danielemounet.com\/wp-content\/uploads\/2024\/04\/Capture-decran-Enrgie-Gayia.png 780w, https:\/\/danielemounet.com\/wp-content\/uploads\/2024\/04\/Capture-decran-Enrgie-Gayia.png 360w\" sizes=\"auto, (max-width: 480px) 150px\" src=\"https:\/\/danielemounet.com\/wp-content\/uploads\/2024\/04\/Capture-decran-Enrgie-Gayia-1024x858.png\" alt=\"\" class=\"uag-image-1102\" width=\"1164\" height=\"1919\" title=\"Capture d'\u00e9cran Enrgie Gayia\" loading=\"lazy\" role=\"img\"\/><\/figure><\/div>\n<\/div>\n\n\n\n<div class=\"wp-block-uagb-container uagb-block-46879902\">\n<div class=\"wp-block-uagb-info-box uagb-block-21d5e591 uagb-infobox__content-wrap  uagb-infobox-icon-above-title uagb-infobox-image-valign-top\"><div class=\"uagb-ifb-content\"><div class=\"uagb-ifb-title-wrap\"><h2 class=\"uagb-ifb-title\">\u00c9nergie Gayia<\/h2><\/div><p class=\"uagb-ifb-desc\"><em>CD d&rsquo;\u00e9l\u00e9vation vibratoire<\/em><br>Album d&rsquo;\u00e9l\u00e9vation vibratoire \u00ab\u00a0\u00c9nergie Gayia\u00a0\u00bb, ma\u00eetre en Atlantide. Avec ces m\u00e9ditations hypnotiques et la musique en 432 Hz, vous vous reconnectez \u00e0 la puret\u00e9, \u00e0 la beaut\u00e9, \u00e0 la sagesse ancestrale et \u00e0 l&rsquo;amour. Vous \u00eates dans des lieux d&rsquo;unit\u00e9 o\u00f9 la dualit\u00e9 est inexistante. La musique en 432 Hz r\u00e9duit l&rsquo;anxi\u00e9t\u00e9, d\u00e9veloppe l&rsquo;intuition, favorise la cr\u00e9ativit\u00e9 et \u00e9l\u00e8ve l&rsquo;\u00e2me.<br>Cette vibration haute apaise votre mental et en \u00e9levant votre niveau \u00e9nerg\u00e9tique, apporte davantage de vitalit\u00e9, d&rsquo;immunit\u00e9 et d&rsquo;ouverture de conscience.<br>Au fil des \u00e9coutes, votre pouvoir d&rsquo;attraction du Positif se renforce et peut entra\u00eener des changements b\u00e9n\u00e9fiques dans votre vie&#8230;<\/p><\/div><\/div>\n\n\n\n<div class=\"wp-block-uagb-buttons uagb-buttons__outer-wrap uagb-btn__default-btn uagb-btn-tablet__default-btn uagb-btn-mobile__default-btn uagb-block-4e7a4d58\"><div class=\"uagb-buttons__wrap uagb-buttons-layout-wrap \">\n<div class=\"wp-block-uagb-buttons-child uagb-buttons__outer-wrap uagb-block-fb13fe13 wp-block-button\"><div class=\"uagb-button__wrapper\"><a class=\"uagb-buttons-repeater wp-block-button__link\" aria-label=\"\" href=\"https:\/\/www.music4pro.com\/e-boutique-detail-produit.php?id=88\" rel=\"follow noopener\" target=\"_blank\" role=\"button\"><div class=\"uagb-button__link\">T\u00e9l\u00e9chargement<\/div><\/a><\/div><\/div>\n\n\n\n<div class=\"wp-block-uagb-buttons-child uagb-buttons__outer-wrap uagb-block-3995bb73 wp-block-button\"><div class=\"uagb-button__wrapper\"><a class=\"uagb-buttons-repeater wp-block-button__link\" aria-label=\"\" href=\"https:\/\/www.music4pro.com\/boutique-detail-produit.php?id=88\" rel=\"follow noopener\" target=\"_blank\" role=\"button\"><div class=\"uagb-button__link\">Album physique<\/div><\/a><\/div><\/div>\n<\/div><\/div>\n<\/div>\n<\/div><\/div>\n<\/div>\n<\/div><\/div>\n\n\n\n<div class=\"wp-block-uagb-container uagb-block-f52dd4d2 alignfull uagb-is-root-container\"><div class=\"uagb-container-inner-blocks-wrap\">\n<div class=\"wp-block-uagb-container uagb-block-234ac124\">\n<div class=\"wp-block-uagb-container uagb-block-01ffeb20 alignfull uagb-is-root-container\"><div class=\"uagb-container-inner-blocks-wrap\">\n<div class=\"wp-block-uagb-container uagb-block-08cf5a5e\">\n<div class=\"wp-block-uagb-image alignleft uagb-block-3ce38dcf wp-block-uagb-image--layout-default wp-block-uagb-image--effect-static wp-block-uagb-image--align-left\"><figure class=\"wp-block-uagb-image__figure\"><img loading=\"lazy\" decoding=\"async\" srcset=\"https:\/\/danielemounet.com\/wp-content\/uploads\/2024\/02\/ami-sommeil-avant-1.png ,https:\/\/danielemounet.com\/wp-content\/uploads\/2024\/02\/ami-sommeil-avant-1.png 780w, https:\/\/danielemounet.com\/wp-content\/uploads\/2024\/02\/ami-sommeil-avant-1.png 360w\" sizes=\"auto, (max-width: 480px) 150px\" src=\"https:\/\/danielemounet.com\/wp-content\/uploads\/2024\/02\/ami-sommeil-avant-1.png\" alt=\"\" class=\"uag-image-308\" width=\"1164\" height=\"1919\" title=\"\" loading=\"lazy\" role=\"img\"\/><\/figure><\/div>\n<\/div>\n\n\n\n<div class=\"wp-block-uagb-container uagb-block-3f9c8c97\">\n<div class=\"wp-block-uagb-info-box uagb-block-5b4d0e4b uagb-infobox__content-wrap  uagb-infobox-icon-above-title uagb-infobox-image-valign-top\"><div class=\"uagb-ifb-content\"><div class=\"uagb-ifb-title-wrap\"><h2 class=\"uagb-ifb-title\">Ami Sommeil<\/h2><\/div><p class=\"uagb-ifb-desc\"><em>CD de relaxations guid\u00e9es<\/em><br>&#8211; \u00ab\u00a0Est-ce que je vais r\u00e9ussir \u00e0 dormir ?\u00a0\u00bb<br>&#8211; \u00ab\u00a0Comment de fois vais-je me r\u00e9veiller cette nuit ?\u00a0\u00bb<br>&#8211; \u00ab\u00a0Combien de temps me reste-t-il avant mon lever ?\u00a0\u00bb<br><br>Fini ce questionnement angoissant ! Par des techniques issues de la sophrologie et de l&rsquo;hypnoth\u00e9rapie, \u00e0 travers un univers sonore, une musique adapt\u00e9e et relaxante, ces relaxations guid\u00e9es vous apprennent \u00e0 apprivoiser vous-m\u00eame le sommeil. Vous allez pouvoir en am\u00e9liorer la qualit\u00e9, diminuer les r\u00e9veils nocturnes et les cauchemars, pour vivre des nuits b\u00e9n\u00e9fiques et r\u00e9paratrices. Le sommeil devient naturellement votre ami&#8230;<\/p><\/div><\/div>\n\n\n\n<div class=\"wp-block-uagb-buttons uagb-buttons__outer-wrap uagb-btn__default-btn uagb-btn-tablet__default-btn uagb-btn-mobile__default-btn uagb-block-4a593e5c\"><div class=\"uagb-buttons__wrap uagb-buttons-layout-wrap \">\n<div class=\"wp-block-uagb-buttons-child uagb-buttons__outer-wrap uagb-block-897c867b wp-block-button\"><div class=\"uagb-button__wrapper\"><a class=\"uagb-buttons-repeater wp-block-button__link\" aria-label=\"\" href=\"https:\/\/www.music4pro.com\/e-boutique-detail-produit.php?id=41\" rel=\"follow noopener\" target=\"_blank\" role=\"button\"><div class=\"uagb-button__link\">T\u00e9l\u00e9chargement<\/div><\/a><\/div><\/div>\n\n\n\n<div class=\"wp-block-uagb-buttons-child uagb-buttons__outer-wrap uagb-block-23eceacb wp-block-button\"><div class=\"uagb-button__wrapper\"><a class=\"uagb-buttons-repeater wp-block-button__link\" aria-label=\"\" href=\"https:\/\/www.music4pro.com\/boutique-detail-produit.php?id=41\" rel=\"follow noopener\" target=\"_blank\" role=\"button\"><div class=\"uagb-button__link\">Album physique<\/div><\/a><\/div><\/div>\n<\/div><\/div>\n<\/div>\n<\/div><\/div>\n<\/div>\n<\/div><\/div>\n\n\n\n<div class=\"wp-block-uagb-container uagb-block-567b64a2 alignfull uagb-is-root-container\"><div class=\"uagb-container-inner-blocks-wrap\">\n<div class=\"wp-block-uagb-container uagb-block-2cf57fa8\">\n<div class=\"wp-block-uagb-container uagb-block-81c23c90 alignfull uagb-is-root-container\"><div class=\"uagb-container-inner-blocks-wrap\">\n<div class=\"wp-block-uagb-container uagb-block-18e709a9\">\n<div class=\"wp-block-uagb-image alignleft uagb-block-bd49b52e wp-block-uagb-image--layout-default wp-block-uagb-image--effect-static wp-block-uagb-image--align-left\"><figure class=\"wp-block-uagb-image__figure\"><img loading=\"lazy\" decoding=\"async\" srcset=\"https:\/\/danielemounet.com\/wp-content\/uploads\/2024\/02\/Capture-decran-natures-deau-1.png ,https:\/\/danielemounet.com\/wp-content\/uploads\/2024\/02\/Capture-decran-natures-deau-1.png 780w, https:\/\/danielemounet.com\/wp-content\/uploads\/2024\/02\/Capture-decran-natures-deau-1.png 360w\" sizes=\"auto, (max-width: 480px) 150px\" src=\"https:\/\/danielemounet.com\/wp-content\/uploads\/2024\/02\/Capture-decran-natures-deau-1.png\" alt=\"\" class=\"uag-image-309\" width=\"1164\" height=\"1919\" title=\"\" loading=\"lazy\" role=\"img\"\/><\/figure><\/div>\n<\/div>\n\n\n\n<div class=\"wp-block-uagb-container uagb-block-1af69c27\">\n<div class=\"wp-block-uagb-info-box uagb-block-de9f8430 uagb-infobox__content-wrap  uagb-infobox-icon-above-title uagb-infobox-image-valign-top\"><div class=\"uagb-ifb-content\"><div class=\"uagb-ifb-title-wrap\"><h2 class=\"uagb-ifb-title\">Natures d&rsquo;eau<\/h2><\/div><p class=\"uagb-ifb-desc\"><em>CD de relaxations guid\u00e9es<\/em><br>En relaxation guid\u00e9e, laissez-vous transporter dans un monde de bien-\u00eatre par une voix, une musique, une ambiance, partez en voyage \u00e0 travers vous-m\u00eame et au c\u0153ur de la nature, au gr\u00e9 des envies et des sensations.<br>Tout votre \u00eatre rentre en r\u00e9sonance avec les univers imaginaires de \u00ab\u00a0Natures d&rsquo;eau\u00a0\u00bb, l\u00e0 o\u00f9 naissent les aspirations pour vivre les r\u00eaves les plus profonds.<\/p><\/div><\/div>\n\n\n\n<div class=\"wp-block-uagb-buttons uagb-buttons__outer-wrap uagb-btn__default-btn uagb-btn-tablet__default-btn uagb-btn-mobile__default-btn uagb-block-be3166db\"><div class=\"uagb-buttons__wrap uagb-buttons-layout-wrap \">\n<div class=\"wp-block-uagb-buttons-child uagb-buttons__outer-wrap uagb-block-a5bf867f wp-block-button\"><div class=\"uagb-button__wrapper\"><a class=\"uagb-buttons-repeater wp-block-button__link\" aria-label=\"\" href=\"https:\/\/www.music4pro.com\/e-boutique-detail-produit.php?id=29\" rel=\"follow noopener\" target=\"_blank\" role=\"button\"><div class=\"uagb-button__link\">T\u00e9l\u00e9chargement<\/div><\/a><\/div><\/div>\n\n\n\n<div class=\"wp-block-uagb-buttons-child uagb-buttons__outer-wrap uagb-block-1ad658ba wp-block-button\"><div class=\"uagb-button__wrapper\"><a class=\"uagb-buttons-repeater wp-block-button__link\" aria-label=\"\" href=\"https:\/\/www.music4pro.com\/boutique-detail-produit.php?id=29\" rel=\"follow noopener\" target=\"_blank\" role=\"button\"><div class=\"uagb-button__link\">Album physique<\/div><\/a><\/div><\/div>\n<\/div><\/div>\n<\/div>\n<\/div><\/div>\n<\/div>\n<\/div><\/div>\n\n\n\n<div class=\"wp-block-uagb-container uagb-block-fa0fa481 alignfull uagb-is-root-container\"><div class=\"uagb-container-inner-blocks-wrap\">\n<div class=\"wp-block-uagb-container uagb-block-8d26621f\">\n<div class=\"wp-block-uagb-container uagb-block-63075c9b alignfull uagb-is-root-container\"><div class=\"uagb-container-inner-blocks-wrap\">\n<div class=\"wp-block-uagb-container uagb-block-30759cc1\">\n<div class=\"wp-block-uagb-image alignleft uagb-block-9cce200d wp-block-uagb-image--layout-default wp-block-uagb-image--effect-static wp-block-uagb-image--align-left\"><figure class=\"wp-block-uagb-image__figure\"><img loading=\"lazy\" decoding=\"async\" srcset=\"https:\/\/danielemounet.com\/wp-content\/uploads\/2024\/01\/51ULFaU9ImL.jpg ,https:\/\/danielemounet.com\/wp-content\/uploads\/2024\/01\/51ULFaU9ImL.jpg 780w, https:\/\/danielemounet.com\/wp-content\/uploads\/2024\/01\/51ULFaU9ImL.jpg 360w\" sizes=\"auto, (max-width: 480px) 150px\" src=\"https:\/\/danielemounet.com\/wp-content\/uploads\/2024\/01\/51ULFaU9ImL.jpg\" alt=\"\" class=\"uag-image-158\" width=\"353\" height=\"500\" title=\"\" loading=\"lazy\" role=\"img\"\/><\/figure><\/div>\n<\/div>\n\n\n\n<div class=\"wp-block-uagb-container uagb-block-ce40c749\">\n<div class=\"wp-block-uagb-info-box uagb-block-d7db29db uagb-infobox__content-wrap  uagb-infobox-icon-above-title uagb-infobox-image-valign-top\"><div class=\"uagb-ifb-content\"><div class=\"uagb-ifb-title-wrap\"><h2 class=\"uagb-ifb-title\">Charl\u00e8ne ou la voix de la gu\u00e9rison<\/h2><\/div><p class=\"uagb-ifb-desc\"><em>Roman, Editions Castalie, 2015<\/em><br>Synopsis : A l&rsquo;h\u00f4pital de Saint Pau, le 21 septembre, la porte du cabinet m\u00e9dical se referme brutalement sur Charl\u00e8ne. Elle n&rsquo;a plus que quelques semaines \u00e0 vivre. Pour \u00e9chapper \u00e0 ce tsunami int\u00e9rieur, la jeune femme d\u00e9cide de partir pour Bali, l&rsquo;\u00eele des dieux, en qu\u00eate de la gu\u00e9rison et du bonheur. V\u00e9ritable parcours initiatique dans lequel une messag\u00e8re, Mamana, va \u00e9clairer la maladie et r\u00e9v\u00e9ler \u00e0 Charl\u00e8ne le pouvoir d&rsquo;auto-gu\u00e9rison du corps, du c\u0153ur et de l&rsquo;\u00e2me&#8230; Au del\u00e0 d&rsquo;une r\u00e9flexion sur la maladie, ce livre est un hymne \u00e0 la vie d une grande sensibilit\u00e9, teint\u00e9 de sagesse et d&rsquo;espoir.<\/p><div class=\"uagb-ifb-button-wrapper wp-block-button\"><a href=\"https:\/\/danielemounet.com\/index.php\/contact\/\" class=\"uagb-infobox-cta-link wp-block-button__link\" target=\"_self\" rel=\"noopener noreferrer\" onclick=\"return true;\"><span class=\"uagb-inline-editing\">Acheter<\/span><\/a><\/div><\/div><\/div>\n\n\n\n<div class=\"wp-block-uagb-container uagb-block-ec792910\">\n<ul class=\"wp-block-list\">\n<li><strong>\u00c9diteur \u200f : \u200e&nbsp;<\/strong>Editions Castalie (24 ao\u00fbt 2015)<\/li>\n\n\n\n<li><strong>Langue \u200f : \u200e&nbsp;<\/strong>Fran\u00e7ais<\/li>\n\n\n\n<li><strong>Broch\u00e9 \u200f : \u200e&nbsp;<\/strong>104 pages<\/li>\n\n\n\n<li><strong>ISBN-10 \u200f : \u200e&nbsp;<\/strong>2821300123<\/li>\n\n\n\n<li><strong>ISBN-13 \u200f : \u200e&nbsp;<\/strong>978-2821300125<\/li>\n\n\n\n<li><strong>Poids de l&rsquo;article \u200f : \u200e&nbsp;<\/strong>160 g<\/li>\n\n\n\n<li><strong>Dimensions \u200f : \u200e&nbsp;<\/strong>14.8 x 0.9 x 21 cm<\/li>\n<\/ul>\n<\/div>\n<\/div>\n<\/div><\/div>\n<\/div>\n<\/div><\/div>\n","protected":false},"excerpt":{"rendered":"","protected":false},"author":1,"featured_media":0,"parent":0,"menu_order":0,"comment_status":"closed","ping_status":"closed","template":"","meta":{"_uag_custom_page_level_css":"","_swt_meta_header_display":false,"_swt_meta_footer_display":false,"_swt_meta_site_title_display":true,"_swt_meta_sticky_header":false,"_swt_meta_transparent_header":false,"footnotes":""},"class_list":["post-169","page","type-page","status-publish","hentry"],"uagb_featured_image_src":{"full":false,"thumbnail":false,"medium":false,"medium_large":false,"large":false,"1536x1536":false,"2048x2048":false},"uagb_author_info":{"display_name":"Dani\u00e8le Mounet","author_link":"https:\/\/danielemounet.com\/index.php\/author\/admin3037\/"},"uagb_comment_info":0,"uagb_excerpt":null,"_links":{"self":[{"href":"https:\/\/danielemounet.com\/index.php\/wp-json\/wp\/v2\/pages\/169","targetHints":{"allow":["GET"]}}],"collection":[{"href":"https:\/\/danielemounet.com\/index.php\/wp-json\/wp\/v2\/pages"}],"about":[{"href":"https:\/\/danielemounet.com\/index.php\/wp-json\/wp\/v2\/types\/page"}],"author":[{"embeddable":true,"href":"https:\/\/danielemounet.com\/index.php\/wp-json\/wp\/v2\/users\/1"}],"replies":[{"embeddable":true,"href":"https:\/\/danielemounet.com\/index.php\/wp-json\/wp\/v2\/comments?post=169"}],"version-history":[{"count":51,"href":"https:\/\/danielemounet.com\/index.php\/wp-json\/wp\/v2\/pages\/169\/revisions"}],"predecessor-version":[{"id":1708,"href":"https:\/\/danielemounet.com\/index.php\/wp-json\/wp\/v2\/pages\/169\/revisions\/1708"}],"wp:attachment":[{"href":"https:\/\/danielemounet.com\/index.php\/wp-json\/wp\/v2\/media?parent=169"}],"curies":[{"name":"wp","href":"https:\/\/api.w.org\/{rel}","templated":true}]}}