{"id":45,"date":"2024-01-14T18:54:56","date_gmt":"2024-01-14T17:54:56","guid":{"rendered":"https:\/\/danielemounet.com\/?page_id=45"},"modified":"2025-05-09T15:45:12","modified_gmt":"2025-05-09T13:45:12","slug":"ateliers-vivantiels","status":"publish","type":"page","link":"https:\/\/danielemounet.com\/index.php\/ateliers-vivantiels\/","title":{"rendered":"Ateliers Vivantiels"},"content":{"rendered":"\n<div class=\"wp-block-uagb-container uagb-block-1850952a alignfull uagb-is-root-container\"><div class=\"uagb-container-inner-blocks-wrap\">\n<div class=\"wp-block-uagb-advanced-heading uagb-block-65456fed\"><\/div>\n\n\n\n<div class=\"wp-block-uagb-info-box uagb-block-d620a051 uagb-infobox__content-wrap  uagb-infobox-icon-above-title uagb-infobox-image-valign-top\"><div class=\"uagb-ifb-content\"><div class=\"uagb-ifb-title-wrap\"><h1 class=\"uagb-ifb-title\">Ateliers Vivantiels<\/h1><\/div><p class=\"uagb-ifb-desc\">S&rsquo;offrir un temps pour soi, dans un lieu paradisiaque en Pays catalan.<br>Bien-\u00eatre du corps, de l&rsquo;esprit et de l&rsquo;\u00e2me<\/p><\/div><\/div>\n<\/div><\/div>\n\n\n\n<div class=\"wp-block-uagb-container uagb-block-2ebf56f7 alignfull uagb-is-root-container\"><div class=\"uagb-container-inner-blocks-wrap\">\n<div class=\"wp-block-uagb-advanced-heading uagb-block-c782775e\"><h6 class=\"uagb-heading-text\">D\u00c9COUVREZ LES DIFF\u00c9RENTS ATELIERS A TH\u00c8MES<\/h6><\/div>\n\n\n\n<div class=\"wp-block-uagb-container uagb-block-9a053553\">\n<div class=\"wp-block-uagb-info-box uagb-block-a3e19d1d uagb-infobox__content-wrap  uagb-infobox-icon-above-title uagb-infobox-image-valign-top\"><div class=\"uagb-ifb-content\"><div class=\"uagb-ifb-title-wrap\"><h3 class=\"uagb-ifb-title\"><strong>Atelier \u00ab\u00a0Apprenez \u00e0 d\u00e9velopper  vos facult\u00e9s subtiles\u00a0\u00bb<\/strong><br>Intuition, t\u00e9l\u00e9pathie, clair-ressenti, pressentiment, radiesth\u00e9sie, et autres&#8230;\u00a0\u00bb<\/h3><\/div><p class=\"uagb-ifb-desc\"><br><em><strong>L\u2019intuition voit toujours avant les yeux et ne se trompe jamais.<\/strong><\/em><br><br>A un certain moment, nous avons tous un ressenti, un pressentiment, une petite voix int\u00e9rieure nous pr\u00e9venant d\u2019un fait, d\u2019un \u00e9v\u00e8nement ou une sensation de \u00ab&nbsp;d\u00e9j\u00e0 vu&nbsp;\u00bb et de&nbsp;\u00bb d\u00e9j\u00e0 v\u00e9cu&nbsp;\u00bb. Quelquefois, d\u00e8s que retentit la sonnerie du t\u00e9l\u00e9phone, nous devinons le nom de la personne qui nous appelle. La premi\u00e8re sensation est toujours la bonne car elle ne passe pas par le mental. Bien d\u2019autres faits ou synchronicit\u00e9s nous interpellent et nous les consid\u00e9rons comme \u00e9tranges mais rien de plus et pourtant&#8230;<br>Intuition, t\u00e9l\u00e9pathie, clair-ressenti, pressentiment, radiesth\u00e9sie et d&rsquo;autres sont autant de capacit\u00e9s en sommeil au fond de nous qui ne demandent qu\u2019\u00e0 se r\u00e9veiller pour nous \u00ab&nbsp;\u00c9veiller&nbsp;\u00bb et nous n\u2019avons pas conscience de tout ce potentiel inexploit\u00e9.<br><br>Dans cet atelier, je vous accompagne \u00e0 identifier et \u00e0 d\u00e9velopper vos talents subtils en les exp\u00e9rimentant, en comprenant pourquoi \u00e7a fonctionne, en travaillant ensemble avec des exercices simples et pratiques, des instructions, des m\u00e9ditations et en mettant des cl\u00e9s \u00e0 votre disposition. Si, auparavant, ces capacit\u00e9s \u00e9taient consid\u00e9r\u00e9es comme des dons, aujourd&rsquo;hui, gr\u00e2ce \u00e0 la physique quantique, aux neurosciences notamment, nous savons que cet apprentissage est \u00e0 la port\u00e9e de tous.<br><br><strong>Vous apprenez, en vous connectant \u00e0 l\u2019\u00e9nergie subtile et dans l\u2019ouverture du c\u0153ur, \u00e0 b\u00e2tir une vie plus \u00e9clair\u00e9e et en conscience.<\/strong> <br><br>(Infos pratiques en bas de page) <\/p><\/div><\/div>\n\n\n\n<div class=\"wp-block-uagb-container uagb-block-648c5df7\"><\/div>\n<\/div>\n\n\n\n<div class=\"wp-block-uagb-container uagb-block-063f4858\">\n<div class=\"wp-block-uagb-container uagb-block-6211ec15\"><\/div>\n\n\n\n<div class=\"wp-block-uagb-container uagb-block-a7223a49\">\n<div class=\"wp-block-uagb-info-box uagb-block-bd8849a2 uagb-infobox__content-wrap  uagb-infobox-icon-above-title uagb-infobox-image-valign-top\"><div class=\"uagb-ifb-content\"><div class=\"uagb-ifb-title-wrap\"><h3 class=\"uagb-ifb-title\"><strong>Atelier \u00ab\u00a0\u00c9nergie des 4 saisons\u00a0\u00bb<\/strong><\/h3><\/div><p class=\"uagb-ifb-desc\"><em>Prenez un temps pour vous reconnecter et \u00e9lever votre niveau vibratoire en Polarisation \u00c9nerg\u00e9tique Rythmique.<\/em><br><br>Je vous propose des s\u00e9quences altern\u00e9es d&rsquo;harmonisation, de nettoyage int\u00e9rieur \u00e9nerg\u00e9tique, de recentrage, de revitalisation et d&rsquo;ancrage. Vous vivez l&rsquo;atelier dans une \u00e9nergie musicale et rythmique avec les interventions d&rsquo;un percussionniste, compositeur sp\u00e9cialis\u00e9 dans le bien-\u00eatre et le d\u00e9veloppement personnel.<br><br>Une saison apporte des \u00e9nergies diff\u00e9rentes et nous demande une transformation vibratoire. <br>Il est important d&rsquo;apprendre \u00e0 \u00e9lever son niveau \u00e9nerg\u00e9tique, se synchroniser avec les vibrations cosmiques et telluriques du moment, \u00e9vacuer ce qui appartient au pass\u00e9 court ou lointain pour se sentir bien, vivre dans son plein potentiel, s&rsquo;\u00e9panouir et rayonner. <br>Les peuples racines et anciens savaient que les percussions, les sons et la musique sont des vecteurs importants pour passer sereinement ces p\u00e9riodes transitoires, en vivant dans le moment pr\u00e9sent, pour s&rsquo;ancrer au c\u0153ur de Ga\u00efa en accueillant la nouvelle \u00e9nergie avec tous ses sens. Ceci est encore plus n\u00e9cessaire actuellement avec la mont\u00e9e du taux vibratoire de la Terre qui, sans travail sur soi, peut chambouler et d\u00e9stabiliser.<br><br><strong>Venez vous relier au \u00e9nergies subtiles de la saison pour vous sentir bien ancr\u00e9(e) et \u00e9panoui(e).<\/strong><br><\/p><\/div><\/div>\n\n\n\n<div class=\"wp-block-uagb-info-box uagb-block-45478ca5 uagb-infobox__content-wrap  uagb-infobox-icon-above-title uagb-infobox-image-valign-top\"><div class=\"uagb-ifb-content\"><div class=\"uagb-ifb-title-wrap\"><\/div><p class=\"uagb-ifb-desc\"><strong>Interventions de Jef Mounet<\/strong> : rythmicien, compositeur, musique de relaxation et bien-\u00eatre.<\/p><\/div><\/div>\n<\/div>\n<\/div>\n\n\n\n<div class=\"wp-block-uagb-container uagb-block-84204015\">\n<div class=\"wp-block-uagb-container uagb-block-f7fd79e5\">\n<div class=\"wp-block-uagb-info-box uagb-block-50d5df87 uagb-infobox__content-wrap  uagb-infobox-icon-above-title uagb-infobox-image-valign-top\"><div class=\"uagb-ifb-content\"><div class=\"uagb-ifb-title-wrap\"><h3 class=\"uagb-ifb-title\">Atelier <strong>\u00a0\u00bb Chemin de vie, contrat d&rsquo;\u00e2me \u00ab\u00a0<\/strong><\/h3><\/div><p class=\"uagb-ifb-desc\">Une petite voix qui nous souffle \u00e0 l&rsquo;oreille, un ressenti, une intuition ou une synchronicit\u00e9 qui s&rsquo;offre \u00e0 nous, tous ces signes qui viennent \u00e0 nous\u2026  Parfois, nous ne les voyons pas, nous ne les int\u00e9grons pas et les ignorons. Quelquefois, nous les repoussons et les faisons taire simplement car ce qu&rsquo;ils nous indiquent ne correspond pas \u00e0 ce que notre environnement, notre conditionnement culturel et familial ou la soci\u00e9t\u00e9 nous a demand\u00e9 jusqu&rsquo;\u00e0 pr\u00e9sent.<br>Pour avancer sur notre chemin de vie tout en \u00e9tant align\u00e9 \u00e0 notre contrat d&rsquo;\u00e2me, il est important d&rsquo;accueillir, \u00e9couter, entendre et comprendre tous ces messages subtils .<br>L&rsquo;atelier vous accompagne par des s\u00e9quences th\u00e9oriques et pratiques, des m\u00e9ditations guid\u00e9es et des ateliers rythmiques, \u00e0 vous connecter \u00e0 votre Soi Sup\u00e9rieur pour \u00eatre align\u00e9 avec votre contrat d&rsquo;\u00e2me. <br>Un monde nouveau va s&rsquo;offrir \u00e0 vous avec des d\u00e9couvertes et des prises de conscience. <br><br>\u00ab\u00a0<strong>Chemin de vie, contrat d&rsquo;\u00e2me\u00a0\u00bb est la conscience qui s&rsquo;incarne dans votre corps et l\u00e0, se trouve votre programme de vie\u2026<\/strong> <\/p><\/div><\/div>\n<\/div>\n\n\n\n<div class=\"wp-block-uagb-container uagb-block-3f810465\"><\/div>\n<\/div>\n<\/div><\/div>\n\n\n\n<div class=\"wp-block-uagb-container uagb-block-fxzqlbfv alignfull uagb-is-root-container\"><div class=\"uagb-container-inner-blocks-wrap\">\n<div class=\"wp-block-uagb-info-box uagb-block-ba9ofiyx uagb-infobox__content-wrap  uagb-infobox-icon-above-title uagb-infobox-image-valign-top\"><div class=\"uagb-ifb-content\"><div class=\"uagb-ifb-title-wrap\"><h2 class=\"uagb-ifb-title\">D\u00e9couvrez le lieu des ateliers<\/h2><\/div><p class=\"uagb-ifb-desc\">Je vous donne rendez-vous au Mas Senyarich en Pays catalan, situ\u00e9 dans un lieu paradisiaque, au calme, dans la nature, entre Argel\u00e8s sur Mer et Collioure.<\/p><\/div><\/div>\n\n\n\n<div class=\"wp-block-uagb-container uagb-block-vkri2t1p\">\n<div class=\"wp-block-uagb-container uagb-block-nq2eqvai\">\n<div class=\"wp-block-uagb-container uagb-block-jzswdkjq\">\n<div class=\"wp-block-uagb-image alignleft uagb-block-dycittjm wp-block-uagb-image--layout-default wp-block-uagb-image--effect-static wp-block-uagb-image--align-left\"><figure class=\"wp-block-uagb-image__figure\"><img loading=\"lazy\" decoding=\"async\" srcset=\"https:\/\/danielemounet.com\/wp-content\/uploads\/2024\/03\/Capture-1024x513.jpg ,https:\/\/danielemounet.com\/wp-content\/uploads\/2024\/03\/Capture.jpg 780w, https:\/\/danielemounet.com\/wp-content\/uploads\/2024\/03\/Capture.jpg 360w\" sizes=\"auto, (max-width: 480px) 150px\" src=\"https:\/\/danielemounet.com\/wp-content\/uploads\/2024\/03\/Capture-1024x513.jpg\" alt=\"\" class=\"uag-image-1001\" width=\"792\" height=\"446\" title=\"Capture\" loading=\"lazy\" role=\"img\"\/><\/figure><\/div>\n<\/div>\n\n\n\n<div class=\"wp-block-uagb-container uagb-block-udzmiljq\">\n<div class=\"wp-block-uagb-image alignleft uagb-block-vooitqub wp-block-uagb-image--layout-default wp-block-uagb-image--effect-static wp-block-uagb-image--align-left\"><figure class=\"wp-block-uagb-image__figure\"><img loading=\"lazy\" decoding=\"async\" srcset=\"https:\/\/danielemounet.com\/wp-content\/uploads\/2024\/04\/WhatsApp-Image-2024-04-08-a-19.17.19_e25c6027-1024x461.jpg ,https:\/\/danielemounet.com\/wp-content\/uploads\/2024\/04\/WhatsApp-Image-2024-04-08-a-19.17.19_e25c6027.jpg 780w, https:\/\/danielemounet.com\/wp-content\/uploads\/2024\/04\/WhatsApp-Image-2024-04-08-a-19.17.19_e25c6027.jpg 360w\" sizes=\"auto, (max-width: 480px) 150px\" src=\"https:\/\/danielemounet.com\/wp-content\/uploads\/2024\/04\/WhatsApp-Image-2024-04-08-a-19.17.19_e25c6027-1024x461.jpg\" alt=\"\" class=\"uag-image-1086\" width=\"400\" height=\"446\" title=\"WhatsApp Image 2024-04-08 \u00e0 19.17.19_e25c6027\" loading=\"lazy\" role=\"img\"\/><\/figure><\/div>\n<\/div>\n<\/div>\n\n\n\n<div class=\"wp-block-uagb-container uagb-block-1c5h9sij\">\n<div class=\"wp-block-uagb-container uagb-block-5frz9bvs\">\n<div class=\"wp-block-uagb-image alignleft uagb-block-g0ulryff wp-block-uagb-image--layout-default wp-block-uagb-image--effect-static wp-block-uagb-image--align-left\"><figure class=\"wp-block-uagb-image__figure\"><img loading=\"lazy\" decoding=\"async\" srcset=\"https:\/\/danielemounet.com\/wp-content\/uploads\/2024\/03\/Capture2.jpg ,https:\/\/danielemounet.com\/wp-content\/uploads\/2024\/03\/Capture2.jpg 780w, https:\/\/danielemounet.com\/wp-content\/uploads\/2024\/03\/Capture2.jpg 360w\" sizes=\"auto, (max-width: 480px) 150px\" src=\"https:\/\/danielemounet.com\/wp-content\/uploads\/2024\/03\/Capture2.jpg\" alt=\"\" class=\"uag-image-1003\" width=\"400\" height=\"466\" title=\"Capture2\" loading=\"lazy\" role=\"img\"\/><\/figure><\/div>\n<\/div>\n\n\n\n<div class=\"wp-block-uagb-container uagb-block-0m6qnxq6\">\n<div class=\"wp-block-uagb-image alignleft uagb-block-vcudhr4m wp-block-uagb-image--layout-default wp-block-uagb-image--effect-static wp-block-uagb-image--align-left\"><figure class=\"wp-block-uagb-image__figure\"><img loading=\"lazy\" decoding=\"async\" srcset=\"https:\/\/danielemounet.com\/wp-content\/uploads\/2024\/03\/Capture1-1024x511.jpg ,https:\/\/danielemounet.com\/wp-content\/uploads\/2024\/03\/Capture1.jpg 780w, https:\/\/danielemounet.com\/wp-content\/uploads\/2024\/03\/Capture1.jpg 360w\" sizes=\"auto, (max-width: 480px) 150px\" src=\"https:\/\/danielemounet.com\/wp-content\/uploads\/2024\/03\/Capture1-1024x511.jpg\" alt=\"\" class=\"uag-image-1002\" width=\"792\" height=\"466\" title=\"Capture1\" loading=\"lazy\" role=\"img\"\/><\/figure><\/div>\n<\/div>\n<\/div>\n<\/div>\n<\/div><\/div>\n\n\n\n<div class=\"wp-block-uagb-container uagb-block-56cba84a alignfull uagb-is-root-container\"><div class=\"uagb-container-inner-blocks-wrap\">\n<div class=\"wp-block-uagb-container uagb-block-a7f0b104\">\n<div class=\"wp-block-uagb-advanced-heading uagb-block-3b947371\"><h6 class=\"uagb-heading-text\">Prenez un temps pour vous<\/h6><\/div>\n\n\n\n<div class=\"wp-block-uagb-info-box uagb-block-a801916f uagb-infobox__content-wrap  uagb-infobox-icon-above-title uagb-infobox-image-valign-top\"><div class=\"uagb-ifb-content\"><div class=\"uagb-ifb-title-wrap\"><h2 class=\"uagb-ifb-title\">R\u00e9servez votre atelier<\/h2><\/div><p class=\"uagb-ifb-desc\"><br><strong>Dur\u00e9e <\/strong>: 1 journ\u00e9e<br><strong>Tarif de l&rsquo;atelier<\/strong> : 148 \u20ac hors h\u00e9bergement <br>Toutes les informations pratiques seront envoy\u00e9es par mail, apr\u00e8s la r\u00e9servation.<br><strong> 12 personnes maxi<\/strong> pour optimiser les \u00e9changes<br>Pour plus de d\u00e9tails, contactez moi via le formulaire ci-contre et j&rsquo;aurai plaisir \u00e0 vous r\u00e9pondre. MERCI. <br><em>Mes ateliers ne se substituent pas \u00e0 un avis, suivi de m\u00e9decin, psychologue, psychoth\u00e9rapeute\u2026 et traitement m\u00e9dical. <\/em><br><\/p><\/div><\/div>\n\n\n\n<div class=\"wp-block-uagb-info-box uagb-block-6c73f869 uagb-infobox__content-wrap  uagb-infobox-icon-left uagb-infobox-left uagb-infobox-image-valign-top\"><div class=\"uagb-ifb-icon-wrap\"><svg xmlns=\"https:\/\/www.w3.org\/2000\/svg\" viewBox=\"0 0 384 512\"><path d=\"M168.3 499.2C116.1 435 0 279.4 0 192C0 85.96 85.96 0 192 0C298 0 384 85.96 384 192C384 279.4 267 435 215.7 499.2C203.4 514.5 180.6 514.5 168.3 499.2H168.3zM192 256C227.3 256 256 227.3 256 192C256 156.7 227.3 128 192 128C156.7 128 128 156.7 128 192C128 227.3 156.7 256 192 256z\"><\/path><\/svg><\/div><div class=\"uagb-ifb-content\"><div class=\"uagb-ifb-title-wrap\"><h6 class=\"uagb-ifb-title\">LE LIEU<\/h6><\/div><p class=\"uagb-ifb-desc\">En Pays catalan, dans les Pyr\u00e9n\u00e9es-orientales,<strong> <a href=\"https:\/\/www.mas-senyarich.fr\/\" data-type=\"link\" data-id=\"https:\/\/www.mas-senyarich.fr\/\">le Mas Senyarich<\/a> <\/strong>est situ\u00e9 dans un lieu paradisiaque, au calme, dans la nature, au pied du massif des Alb\u00e8res,  entre Argel\u00e8s sur Mer et Collioure. H\u00e9bergement possible sur place et sur r\u00e9servation. <br><a href=\"https:\/\/www.mas-senyarich.fr\/\" data-type=\"link\" data-id=\"https:\/\/www.mas-senyarich.fr\/\">www.mas-senyarich.fr<\/a><br><\/p><div class=\"uagb-ifb-separator\"><\/div><\/div><\/div>\n\n\n\n<div class=\"wp-block-uagb-container uagb-block-7c487dcb\">\n<div class=\"wp-block-uagb-info-box uagb-block-9a07cc8b uagb-infobox__content-wrap  uagb-infobox-icon-left uagb-infobox-left uagb-infobox-image-valign-top\"><div class=\"uagb-ifb-icon-wrap\"><svg xmlns=\"https:\/\/www.w3.org\/2000\/svg\" viewBox=\"0 0 512 512\"><path d=\"M256 512C114.6 512 0 397.4 0 256C0 114.6 114.6 0 256 0C397.4 0 512 114.6 512 256C512 397.4 397.4 512 256 512zM232 256C232 264 236 271.5 242.7 275.1L338.7 339.1C349.7 347.3 364.6 344.3 371.1 333.3C379.3 322.3 376.3 307.4 365.3 300L280 243.2V120C280 106.7 269.3 96 255.1 96C242.7 96 231.1 106.7 231.1 120L232 256z\"><\/path><\/svg><\/div><div class=\"uagb-ifb-content\"><div class=\"uagb-ifb-title-wrap\"><h6 class=\"uagb-ifb-title\">Prochaine date: ( en cours) <\/h6><\/div><div class=\"uagb-ifb-separator\"><\/div><\/div><\/div>\n<\/div>\n<\/div>\n\n\n\n<div class=\"wp-block-uagb-container uagb-block-222f632b\">\n<div class=\"wp-block-uagb-info-box uagb-block-42308781 uagb-infobox__content-wrap  uagb-infobox-icon-above-title uagb-infobox-image-valign-top\"><div class=\"uagb-ifb-content\"><div class=\"uagb-ifb-title-wrap\"><\/div><div class=\"uagb-ifb-separator\"><\/div><\/div><\/div>\n\n\n\n<div class=\"wp-block-uagb-forms uagb-forms__outer-wrap uagb-block-29038787 uagb-forms__medium-btn\"><form class=\"uagb-forms-main-form\" method=\"post\" autocomplete=\"on\" name=\"uagb-form-29038787\">\n<div class=\"wp-block-uagb-forms-name uagb-forms-name-wrap uagb-forms-field-set uagb-block-4ceaed83\"><div class=\"uagb-forms-name-label required uagb-forms-input-label\" id=\"4ceaed83\">Pr\u00e9nom<\/div><input type=\"text\" placeholder=\"John\" required class=\"uagb-forms-name-input uagb-forms-input\" name=\"4ceaed83\" autocomplete=\"given-name\"\/><\/div>\n\n\n\n<div class=\"wp-block-uagb-forms-name uagb-forms-name-wrap uagb-forms-field-set uagb-block-c7dc445c\"><div class=\"uagb-forms-name-label required uagb-forms-input-label\" id=\"c7dc445c\">Nom de Famille<\/div><input type=\"text\" placeholder=\"Doe\" required class=\"uagb-forms-name-input uagb-forms-input\" name=\"c7dc445c\" autocomplete=\"family-name\"\/><\/div>\n\n\n\n<div class=\"wp-block-uagb-forms-select uagb-forms-select-wrap uagb-forms-field-set uagb-block-56c32abf\"><div class=\"uagb-forms-select-label required uagb-forms-input-label\" id=\"56c32abf\">Votre demande concerne :<\/div><select class=\"uagb-forms-select-box uagb-forms-input\" required name=\"56c32abf\"><option value=\"\" disabled selected>Select your option<\/option><option value=\"Consultations\">Consultations<\/option><option value=\"M\u00e9ditation hypnotique\">M\u00e9ditation hypnotique<\/option><option value=\"Ateliers vivantiels\">Ateliers vivantiels<\/option><option value=\"Acheter mon livre &quot;Charl\u00e8ne ou la voix de la gu\u00e9rison&quot;\">Acheter mon livre \u00ab\u00a0Charl\u00e8ne ou la voix de la gu\u00e9rison\u00a0\u00bb<\/option><option value=\"Voyage initiatique dans le d\u00e9sert\">Voyage initiatique dans le d\u00e9sert<\/option><option value=\"Autre (pr\u00e9ciser)\">Autre (pr\u00e9ciser)<\/option><\/select><\/div>\n\n\n\n<div class=\"wp-block-uagb-forms-email uagb-forms-email-wrap uagb-forms-field-set uagb-block-c2620d54\"><div class=\"uagb-forms-email-label required uagb-forms-input-label\" id=\"c2620d54\">Email<\/div><input type=\"email\" class=\"uagb-forms-email-input uagb-forms-input\" placeholder=\"example@mail.com\" required name=\"c2620d54\" autocomplete=\"email\"\/><\/div>\n\n\n\n<div class=\"wp-block-uagb-forms-textarea uagb-forms-textarea-wrap uagb-forms-field-set uagb-block-3f28e216\"><div class=\"uagb-forms-textarea-label  uagb-forms-input-label\" id=\"3f28e216\">Message<\/div><textarea class=\"uagb-forms-textarea-input uagb-forms-input\" rows=\"4\" placeholder=\"Enter your message\" name=\"3f28e216\" autocomplete=\"off\"><\/textarea><\/div>\n<div class=\"uagb-forms-form-hidden-data\"><input type=\"hidden\" class=\"uagb_forms_form_label\" value=\"Formulaire de contact\"\/><input type=\"hidden\" class=\"uagb_forms_form_id\" value=\"uagb-form-29038787\"\/><\/div><div class=\"uagb-form-reacaptcha-error-29038787\"><\/div><div class=\"uagb-forms-main-submit-button-wrap wp-block-button\"><button class=\"uagb-forms-main-submit-button wp-block-button__link\"><div class=\"uagb-forms-main-submit-button-text\">Envoyer<\/div><\/button><\/div><\/form><div class=\"uagb-forms-success-message-29038787 uagb-forms-submit-message-hide\"><span>Votre demande a \u00e9t\u00e9 envoy\u00e9e correctement.<\/span><\/div><div class=\"uagb-forms-failed-message-29038787 uagb-forms-submit-message-hide\"><span>Il s&rsquo;est produit une erreur lors de l&rsquo;envoi de votre demande. Veuillez v\u00e9rifier les champs remplis et r\u00e9essayer.<\/span><\/div><\/div>\n<\/div>\n<\/div><\/div>\n","protected":false},"excerpt":{"rendered":"<p>D\u00c9COUVREZ LES DIFF\u00c9RENTS ATELIERS A TH\u00c8MES Prenez un temps pour vous<\/p>\n","protected":false},"author":1,"featured_media":0,"parent":0,"menu_order":0,"comment_status":"closed","ping_status":"closed","template":"","meta":{"_uag_custom_page_level_css":"","_swt_meta_header_display":false,"_swt_meta_footer_display":false,"_swt_meta_site_title_display":true,"_swt_meta_sticky_header":false,"_swt_meta_transparent_header":false,"footnotes":""},"class_list":["post-45","page","type-page","status-publish","hentry"],"uagb_featured_image_src":{"full":false,"thumbnail":false,"medium":false,"medium_large":false,"large":false,"1536x1536":false,"2048x2048":false},"uagb_author_info":{"display_name":"Dani\u00e8le Mounet","author_link":"https:\/\/danielemounet.com\/index.php\/author\/admin3037\/"},"uagb_comment_info":0,"uagb_excerpt":"D\u00c9COUVREZ LES DIFF\u00c9RENTS ATELIERS A TH\u00c8MES Prenez un temps pour vous","_links":{"self":[{"href":"https:\/\/danielemounet.com\/index.php\/wp-json\/wp\/v2\/pages\/45","targetHints":{"allow":["GET"]}}],"collection":[{"href":"https:\/\/danielemounet.com\/index.php\/wp-json\/wp\/v2\/pages"}],"about":[{"href":"https:\/\/danielemounet.com\/index.php\/wp-json\/wp\/v2\/types\/page"}],"author":[{"embeddable":true,"href":"https:\/\/danielemounet.com\/index.php\/wp-json\/wp\/v2\/users\/1"}],"replies":[{"embeddable":true,"href":"https:\/\/danielemounet.com\/index.php\/wp-json\/wp\/v2\/comments?post=45"}],"version-history":[{"count":109,"href":"https:\/\/danielemounet.com\/index.php\/wp-json\/wp\/v2\/pages\/45\/revisions"}],"predecessor-version":[{"id":1655,"href":"https:\/\/danielemounet.com\/index.php\/wp-json\/wp\/v2\/pages\/45\/revisions\/1655"}],"wp:attachment":[{"href":"https:\/\/danielemounet.com\/index.php\/wp-json\/wp\/v2\/media?parent=45"}],"curies":[{"name":"wp","href":"https:\/\/api.w.org\/{rel}","templated":true}]}}