{"id":676,"date":"2024-03-10T15:27:05","date_gmt":"2024-03-10T14:27:05","guid":{"rendered":"https:\/\/danielemounet.com\/?page_id=676"},"modified":"2024-11-16T11:16:52","modified_gmt":"2024-11-16T10:16:52","slug":"temoignages","status":"publish","type":"page","link":"https:\/\/danielemounet.com\/index.php\/temoignages\/","title":{"rendered":"T\u00e9moignages"},"content":{"rendered":"\n<div class=\"wp-block-uagb-container uagb-block-393ec660 alignfull uagb-is-root-container\"><div class=\"uagb-container-inner-blocks-wrap\">\n<div class=\"wp-block-uagb-advanced-heading uagb-block-b57b089f\"><h1 class=\"uagb-heading-text\">Quelques retours d&rsquo;aventures<\/h1><\/div>\n\n\n      \n\t\t\t<div data-aos= \"slide-up\" data-aos-duration=\"400\" data-aos-delay=\"0\" data-aos-easing=\"ease\" data-aos-once=\"true\" class=\"uagb-icon-wrapper uagb-block-88e5e71a  \"\t>\n\t\t\t\t\t\t\t\t\t<span class=\"uagb-svg-wrapper\" \n\t\t\t\t\t aria-label=\"chevron-down\"\t\t\t\t\ttabindex=\"0\">\t\t\n\t\t\t\t\t\t\t\t\t\t<svg xmlns=\"https:\/\/www.w3.org\/2000\/svg\" viewBox= \"0 0 448 512\" role=\"graphics-symbol\" aria-hidden=\"false\" aria-label=\"\"><path d=\"M224 416c-8.188 0-16.38-3.125-22.62-9.375l-192-192c-12.5-12.5-12.5-32.75 0-45.25s32.75-12.5 45.25 0L224 338.8l169.4-169.4c12.5-12.5 32.75-12.5 45.25 0s12.5 32.75 0 45.25l-192 192C240.4 412.9 232.2 416 224 416z\"><\/path><\/svg>\n\t\t\t\t\t\t\t\t\t<\/span>\n\t\t\t\t\t\t\t<\/div>\n\t\t\t<\/div><\/div>\n\n\n\n<div class=\"wp-block-uagb-separator uagb-block-0f6763a4\"><div class=\"wp-block-uagb-separator__inner\" style=\"--my-background-image:\"><\/div><\/div>\n\n\n\n<p class=\"has-text-align-center\"><strong>Un grand merci pour votre confiance depuis plus de 20 ans.<br>C&rsquo;est toujours un plaisir pour moi de vous accompagner <\/strong><br><strong>dans cette belle aventure<\/strong><strong> de la vie qu&rsquo;est <\/strong><\/p>\n\n\n\n<p class=\"has-text-align-center\"><strong>\u00ab\u00a0LA CONNAISSANCE DE SOI\u00a0\u00bb.    <\/strong><\/p>\n\n\n\n<div class=\"wp-block-uagb-container uagb-block-5b8d444a alignfull uagb-is-root-container\"><div class=\"uagb-container-inner-blocks-wrap\">\n<div class=\"wp-block-uagb-container uagb-block-dd7839d1 alignfull uagb-is-root-container\"><div class=\"uagb-container-inner-blocks-wrap\">\n<div class=\"wp-block-uagb-container uagb-block-b171857b\">\n<blockquote class=\"wp-block-quote is-layout-flow wp-block-quote-is-layout-flow\">\n<p>\u00ab\u00a0Je suis commercial dans une PME avec une \u00e9norme pression, une conjoncture difficile, des grosses douleurs au dos et une grande fatigue. J&rsquo;ai compris que tout \u00e7a \u00e9tait la face visible de l&rsquo;iceberg mais j&rsquo;ai d\u00e9couvert la face cach\u00e9e de mes probl\u00e8mes. \u00c7a m&rsquo;a remis sur les rails, j&rsquo;ai retrouv\u00e9 ma motivation et l&rsquo;\u00e9nergie que j&rsquo;avais perdues. (Je pr\u00e9cise que je n&rsquo;ai plus aucune douleur).\u00a0\u00bb<\/p>\n<cite><strong>Jason 27 ans<\/strong><\/cite><\/blockquote>\n<\/div>\n\n\n\n<div class=\"wp-block-uagb-container uagb-block-607e9df5\">\n<blockquote class=\"wp-block-quote is-layout-flow wp-block-quote-is-layout-flow\">\n<p>\u00ab\u00a0Je tenais \u00e0 vous remercier car vous m&rsquo;avez beaucoup aid\u00e9 avec bienveillance. Vous m&rsquo;avez \u00e9cout\u00e9 et permis d&rsquo;accepter cette situation pour pouvoir la d\u00e9passer et aller de l&rsquo;avant. J&rsquo;\u00e9tais compl\u00e8tement perdu, ma vie n&rsquo;avait plus de sens et je n&rsquo;arrivais plus \u00e0 dormir. En 1 mois, j&rsquo;ai retrouv\u00e9 le sommeil, j&rsquo;ai repris des activit\u00e9s et je me sens maintenant \u00e9panoui dans ma nouvelle vie.\u00a0\u00bb<\/p>\n<cite><strong>Roland 61 ans<\/strong><\/cite><\/blockquote>\n<\/div>\n\n\n\n<div class=\"wp-block-uagb-container uagb-block-5994b93d\">\n<blockquote class=\"wp-block-quote is-layout-flow wp-block-quote-is-layout-flow\">\n<p>\u00ab\u00a0Mes parents m&rsquo;influen\u00e7aient beaucoup sans s&rsquo;en rendre compte et je n&rsquo;\u00e9tais pas du tout convaincue par les \u00e9tudes qu&rsquo;ils voyaient pour moi. Gr\u00e2ce \u00e0 vous, j&rsquo;ai d\u00e9couvert ce qui me plait vraiment et pu mettre en place des projets. Merci pour votre patience et votre tol\u00e9rance. Je me sens maintenant lib\u00e9r\u00e9 d&rsquo;un poids . Je fais des \u00e9tudes qui me plaisent et \u00e7a c&rsquo;est vraiment cool !\u00a0\u00bb<\/p>\n<cite><strong>Estelle 22 ans<\/strong><\/cite><\/blockquote>\n<\/div>\n<\/div><\/div>\n\n\n\n<div class=\"wp-block-uagb-container uagb-block-3bb5ddd0 alignfull uagb-is-root-container\"><div class=\"uagb-container-inner-blocks-wrap\">\n<div class=\"wp-block-uagb-container uagb-block-97ff5591\">\n<blockquote class=\"wp-block-quote is-layout-flow wp-block-quote-is-layout-flow\">\n<p>\u00ab\u00a0Merci \u00e0 vous pour avoir pu me faire prendre conscience de mes capacit\u00e9s que jusqu&rsquo;alors je ne connaissais pas. Vous m&rsquo;avez aid\u00e9e \u00e0 enlever des blocages et des croyances provenant de mon pass\u00e9 familial. Mes chaines se sont bris\u00e9es. J&rsquo;ai pris confiance en moi, j&rsquo;ai pu prendre du recul en comprenant le pourquoi et aller de l&rsquo;avant dans un moment charni\u00e8re de ma vie o\u00f9 je me sentais tr\u00e8s vuln\u00e9rable. Encore merci pour votre efficacit\u00e9 et votre douceur.\u00a0\u00bb<\/p>\n<cite><strong>Sol\u00e8ne 32 ans<\/strong><\/cite><\/blockquote>\n<\/div>\n\n\n\n<div class=\"wp-block-uagb-container uagb-block-1ce48058\">\n<blockquote class=\"wp-block-quote is-layout-flow wp-block-quote-is-layout-flow\">\n<p>\u00ab\u00a0J&rsquo;ai tout simplement ador\u00e9 ma s\u00e9ance de m\u00e9ditation hypnotique avec Dani\u00e8le : j&rsquo;ai r\u00e9ussi \u00e0 surmonter mes peurs r\u00e9currentes pour tout et n&rsquo;importe quoi et \u00e0 prendre le pouvoir de ma vie, je la recommande les yeux ferm\u00e9s !\u00a0\u00bb<\/p>\n<cite><strong>Clotilde, 36 ans<\/strong><\/cite><\/blockquote>\n<\/div>\n\n\n\n<div class=\"wp-block-uagb-container uagb-block-7c057907\">\n<blockquote class=\"wp-block-quote is-layout-flow wp-block-quote-is-layout-flow\">\n<p><\/p>\n\n\n\n<p>\u00ab\u00a0Tes ateliers font tellement du bien, j&rsquo;en ai fait 2 et vivement le prochain! C&rsquo;est vraiment s&rsquo;offrir un temps pour soi. On apprend \u00e0 se conna\u00eetre avec beaucoup de douceur. C&rsquo;est super et riche. Merci infiniment car c&rsquo;est passionnant. Amiti\u00e9s\u00a0\u00bb<\/p>\n<cite><strong>Lou 28 ans<\/strong><\/cite><\/blockquote>\n<\/div>\n<\/div><\/div>\n\n\n\n<div class=\"wp-block-uagb-container uagb-block-01c8e493 alignfull uagb-is-root-container\"><div class=\"uagb-container-inner-blocks-wrap\">\n<div class=\"wp-block-uagb-container uagb-block-778c567b\">\n<blockquote class=\"wp-block-quote is-layout-flow wp-block-quote-is-layout-flow\">\n<p>\u00ab\u00a0Bonjour Dani\u00e8le et merci pour votre s\u00e9ance. Vos soins changent la vie. Je suis tr\u00e8s content des r\u00e9sultats car je me sens beaucoup mieux. J&rsquo;attends avec impatience la prochaine s\u00e9ance par Whatsapp pour approfondir encore certains points.\u00a0\u00bb<\/p>\n<cite><strong>Bruno 42 ans<\/strong><\/cite><\/blockquote>\n<\/div>\n\n\n\n<div class=\"wp-block-uagb-container uagb-block-63d10f0f\">\n<blockquote class=\"wp-block-quote is-layout-flow wp-block-quote-is-layout-flow\">\n<p>\u00ab\u00a0Je suis tr\u00e8s heureuse d&rsquo;avoir pu faire une s\u00e9ance avec vous par t\u00e9l\u00e9phone. Je me sentais tr\u00e8s fatigu\u00e9e apr\u00e8s une grippe compliqu\u00e9e. J&rsquo;ai appris que rien n&rsquo;arrivait par hasard et qu&rsquo;il y avait des choses derri\u00e8re dont je n&rsquo;avais pas conscience. Je reconstitue le puzzle. Quelles r\u00e9v\u00e9lations !\u00a0\u00bb<\/p>\n<cite><strong>Maryse 71 ans<\/strong><\/cite><\/blockquote>\n<\/div>\n\n\n\n<div class=\"wp-block-uagb-container uagb-block-75990f3f\">\n<blockquote class=\"wp-block-quote is-layout-flow wp-block-quote-is-layout-flow\">\n<p><\/p>\n\n\n\n<p>\u00ab\u00a0Super \u00e9nergie dans l&rsquo;atelier des 4 saisons avec la musique et Jef \u00e0 la percussion . J&rsquo;ai ador\u00e9. \u00c7a rebooste , c&rsquo;est tr\u00e8s puissant, on se recharge en \u00e9nergie et je le recommande \u00e0 tous.  Tous les 2, sympathiques , bienveillants et professionnels . Merci \u00e0 vous et j&rsquo;esp\u00e8re vous retrouver dans un autre atelier des 4 saisons.\u00a0\u00bb<\/p>\n<cite><strong>Lola 35 ans<\/strong><\/cite><\/blockquote>\n<\/div>\n<\/div><\/div>\n\n\n\n<div class=\"wp-block-uagb-container uagb-block-2f9a4f0a alignfull uagb-is-root-container\"><div class=\"uagb-container-inner-blocks-wrap\">\n<div class=\"wp-block-uagb-container uagb-block-64528f3b\">\n<blockquote class=\"wp-block-quote is-layout-flow wp-block-quote-is-layout-flow\">\n<p>\u00ab\u00a0J&rsquo;ai ador\u00e9 la m\u00e9ditation personnalis\u00e9e. L&rsquo;entretien du d\u00e9part y pr\u00e9pare et on y va en confiance . Pendant la m\u00e9ditation, je me sentais bien accompagn\u00e9e car Dani\u00e8le \u00e9changeait avec moi et on voyageait ensemble. Tout le long, elle est dans l&rsquo;\u00e9coute et la bienveillance. J&rsquo;ai d\u00e9couvert des cl\u00e9s et des \u00e9l\u00e9ments essentiels pour continuer mon chemin, \u00e7a change la vie. Le feedback apr\u00e8s la m\u00e9ditation a \u00e9t\u00e9 tr\u00e8s riche car il m&rsquo;a facilit\u00e9 la compr\u00e9hension de ce qui venaient \u00e0 moi et il m&rsquo;a permis de fixer les \u00e9v\u00e8nements dans la vie actuelle. J&rsquo;avais pris des notes \u00e0 la fin et je les relie souvent. Un \u00e9norme merci \u00e0 vous et j&rsquo;en referai une dans quelques mois . C&rsquo;est magique ! Merci merci.\u00a0\u00bb<\/p>\n<cite><strong>Pauline 44 ans<\/strong><\/cite><\/blockquote>\n<\/div>\n\n\n\n<div class=\"wp-block-uagb-container uagb-block-81dcc6d6\">\n<blockquote class=\"wp-block-quote is-layout-flow wp-block-quote-is-layout-flow\">\n<p>\u00ab\u00a0J&rsquo;ai beaucoup appr\u00e9ci\u00e9 votre atelier sur \u00ab\u00a0Se connecter \u00e0 soi\u00a0\u00bb tr\u00e8s fort en \u00e9motions. Sur le coup, on est comme dans une bulle au profond de soi et beaucoup de ressentis viennent, on sent qu&rsquo;on \u00e9vacue des trucs pas cool. Le soir j&rsquo;\u00e9tais super fatigu\u00e9e mais lib\u00e9r\u00e9e d&rsquo;un poids, je me sentais l\u00e9g\u00e8re et j&rsquo;ai dormi comme un b\u00e9b\u00e9. Depuis je ne ressens plus de culpabilit\u00e9 du tout vis \u00e0 vis de moi, m\u00eame si le r\u00f4le de maman est compliqu\u00e9 car j&rsquo;ai compris pourquoi et d&rsquo;o\u00f9 venait cette peur de mal faire. Encore merci pour tout.\u00a0\u00bb<\/p>\n<cite><strong>Sonia 30 ans<\/strong><\/cite><\/blockquote>\n<\/div>\n\n\n\n<div class=\"wp-block-uagb-container uagb-block-6da0a22a\">\n<blockquote class=\"wp-block-quote is-layout-flow wp-block-quote-is-layout-flow\">\n<p><\/p>\n\n\n\n<p>\u00ab\u00a0Je vous remercie beaucoup ch\u00e8re Dani\u00e8le pour la m\u00e9ditation personnalis\u00e9e. J&rsquo;ai ador\u00e9 car beaucoup de douceur et de bienveillance pour nous accompagner dans ce voyage magique. Des images sont apparues pendant la s\u00e9ance mais d&rsquo;autres infos sont venues les jours suivants et \u00e7a m&rsquo;a beaucoup aid\u00e9 \u00e0 comprendre pourquoi j&rsquo;agissais ainsi.\u00a0\u00bb J&rsquo;ai juste envie d &lsquo;en faire une autre pour continuer \u00e0 explorer!\u00a0\u00bb<\/p>\n<cite><strong>Lucie 39 ans<\/strong><\/cite><\/blockquote>\n<\/div>\n<\/div><\/div>\n\n\n\n<div class=\"wp-block-uagb-testimonial uagb-slick-carousel uagb-tm__arrow-outside uagb-block-015463d8\"><div class=\"is-carousel uagb-tm__columns-1 uagb-tm__items\"><div class=\"uagb-testimonial__wrap  uagb-tm__imgicon-style-circle uagb-tm__image-position-bottom uagb-tm__bg-type-none \"><div class=\"uagb-tm__content\"><div class=\"uagb-tm__overlay\"><\/div><div class=\"uagb-tm__text-wrap\"><div class=\"uagb-tm__desc\">\u00ab\u00a0Bonjour Mme Mounet,<br>Apr\u00e8s avoir fait avec vous la m\u00e9ditation hypnotique, beaucoup d&rsquo;informations me sont arriv\u00e9es quelques jours apr\u00e8s et j&rsquo;ai pu comprendre certaines de mes col\u00e8res et r\u00e9actions inadapt\u00e9es qui jusque l\u00e0 me perturbaient. Il y a un avant et un apr\u00e8s car \u00e7a change sa vision des choses. Un grand merci. Ma fille Louise est int\u00e9ress\u00e9e par une m\u00e9ditation et vous appellera prochainement.\u00a0\u00bb<br><\/div><div class=\"uagb-tm__meta-inner\"><div class=\"uagb-testimonial-details\"><span class=\"uagb-tm__author-name\"><strong>Patrick 58 ans<\/strong><\/span><span class=\"uagb-tm__company\"><\/span><\/div><\/div><\/div><\/div><\/div><div class=\"uagb-testimonial__wrap  uagb-tm__imgicon-style-circle uagb-tm__image-position-bottom uagb-tm__bg-type-none \"><div class=\"uagb-tm__content\"><div class=\"uagb-tm__overlay\"><\/div><div class=\"uagb-tm__text-wrap\"><div class=\"uagb-tm__desc\"> \u00ab\u00a0<span style=\"background: #ffffff\">J&rsquo;ai fait 2 m\u00e9ditations hypnotiques avec Dani\u00e8le . Pour moi, toujours assez stress\u00e9e de nature et dans le contr\u00f4le, je ne savais pas trop o\u00f9 j&rsquo;allais. Au d\u00e9but de la 1\u00e8re, c&rsquo;\u00e9tait  un peu difficile de l\u00e2cher-prise mais Dani\u00e8le m&rsquo;a accompagn\u00e9e avec douceur et bienveillance et tr\u00e8s vite je suis partie dans la m\u00e9ditation en confiance totale.  J&rsquo;ai ador\u00e9 les 2 s\u00e9ances qui ont \u00e9t\u00e9 bien diff\u00e9rentes et compl\u00e9mentaires. Maintenant, je suis plus sereine et j&rsquo;ai davantage confiance en ce qui m&rsquo;arrive car je comprends et j&rsquo;y mets du sens. J&rsquo;ai l&rsquo;impression d&rsquo;avoir grandi.  Merci beaucoup.<\/span>\u00a0\u00bb  <\/div><div class=\"uagb-tm__meta-inner\"><div class=\"uagb-testimonial-details\"><span class=\"uagb-tm__author-name\"><b><span style=\"background: #ffffff\">L\u00e9a 26 ans<\/span><\/b> <\/span><span class=\"uagb-tm__company\"><\/span><\/div><\/div><\/div><\/div><\/div><div class=\"uagb-testimonial__wrap  uagb-tm__imgicon-style-circle uagb-tm__image-position-bottom uagb-tm__bg-type-none \"><div class=\"uagb-tm__content\"><div class=\"uagb-tm__overlay\"><\/div><div class=\"uagb-tm__text-wrap\"><div class=\"uagb-tm__desc\">\u00ab\u00a0Je me sens beaucoup mieux apr\u00e8s vos deux s\u00e9ances, je vous remercie du fond du c\u0153ur. Je vis compl\u00e8tement diff\u00e9remment ma s\u00e9paration et j&rsquo;ai compris le sens de tout ce qui m&rsquo;arrive, maintenant, j&rsquo;arrive \u00e0 l&rsquo;accepter et le d\u00e9passer sans culpabiliser. C&rsquo;est tout un chemin et merci infiniment.\u00a0\u00bb<\/div><div class=\"uagb-tm__meta-inner\"><div class=\"uagb-testimonial-details\"><span class=\"uagb-tm__author-name\"><strong>Alexandre 51 ans<\/strong><\/span><span class=\"uagb-tm__company\"><\/span><\/div><\/div><\/div><\/div><\/div><\/div><\/div>\n<\/div><\/div>\n","protected":false},"excerpt":{"rendered":"<p>Quelques retours d&rsquo;aventures Un grand merci pour votre confiance depuis plus de 20 ans.C&rsquo;est toujours un plaisir pour moi de vous accompagner dans cette belle aventure de la vie qu&rsquo;est \u00ab\u00a0LA CONNAISSANCE DE SOI\u00a0\u00bb. \u00ab\u00a0Je suis commercial dans une PME avec une \u00e9norme pression, une conjoncture difficile, des grosses douleurs au dos et une grande [&hellip;]<\/p>\n","protected":false},"author":2,"featured_media":0,"parent":0,"menu_order":0,"comment_status":"closed","ping_status":"closed","template":"","meta":{"_uag_custom_page_level_css":"","_swt_meta_header_display":false,"_swt_meta_footer_display":false,"_swt_meta_site_title_display":true,"_swt_meta_sticky_header":false,"_swt_meta_transparent_header":false,"footnotes":""},"class_list":["post-676","page","type-page","status-publish","hentry"],"uagb_featured_image_src":{"full":false,"thumbnail":false,"medium":false,"medium_large":false,"large":false,"1536x1536":false,"2048x2048":false},"uagb_author_info":{"display_name":"Jennifer Mounet","author_link":"https:\/\/danielemounet.com\/index.php\/author\/jennifer\/"},"uagb_comment_info":0,"uagb_excerpt":"Quelques retours d&rsquo;aventures Un grand merci pour votre confiance depuis plus de 20 ans.C&rsquo;est toujours un plaisir pour moi de vous accompagner dans cette belle aventure de la vie qu&rsquo;est \u00ab\u00a0LA CONNAISSANCE DE SOI\u00a0\u00bb. \u00ab\u00a0Je suis commercial dans une PME avec une \u00e9norme pression, une conjoncture difficile, des grosses douleurs au dos et une grande\u2026","_links":{"self":[{"href":"https:\/\/danielemounet.com\/index.php\/wp-json\/wp\/v2\/pages\/676","targetHints":{"allow":["GET"]}}],"collection":[{"href":"https:\/\/danielemounet.com\/index.php\/wp-json\/wp\/v2\/pages"}],"about":[{"href":"https:\/\/danielemounet.com\/index.php\/wp-json\/wp\/v2\/types\/page"}],"author":[{"embeddable":true,"href":"https:\/\/danielemounet.com\/index.php\/wp-json\/wp\/v2\/users\/2"}],"replies":[{"embeddable":true,"href":"https:\/\/danielemounet.com\/index.php\/wp-json\/wp\/v2\/comments?post=676"}],"version-history":[{"count":38,"href":"https:\/\/danielemounet.com\/index.php\/wp-json\/wp\/v2\/pages\/676\/revisions"}],"predecessor-version":[{"id":1585,"href":"https:\/\/danielemounet.com\/index.php\/wp-json\/wp\/v2\/pages\/676\/revisions\/1585"}],"wp:attachment":[{"href":"https:\/\/danielemounet.com\/index.php\/wp-json\/wp\/v2\/media?parent=676"}],"curies":[{"name":"wp","href":"https:\/\/api.w.org\/{rel}","templated":true}]}}