{"id":7,"date":"2023-10-03T20:32:00","date_gmt":"2023-10-03T18:32:00","guid":{"rendered":"https:\/\/danielemounet.com\/?page_id=7"},"modified":"2025-10-08T12:07:51","modified_gmt":"2025-10-08T10:07:51","slug":"accueil","status":"publish","type":"page","link":"https:\/\/danielemounet.com\/","title":{"rendered":"Accueil"},"content":{"rendered":"\n<div class=\"wp-block-uagb-container uagb-block-48bd536c alignfull uagb-is-root-container\"><div class=\"uagb-container-inner-blocks-wrap\">\n<div class=\"wp-block-uagb-container uagb-block-d1f191fb\">\n<div class=\"wp-block-uagb-advanced-heading uagb-block-ab75ca26\"><h6 class=\"uagb-heading-text\"> <strong>Aller au c\u0153ur de soi <\/strong><\/h6><\/div>\n\n\n\n<div class=\"wp-block-uagb-info-box uagb-block-a03241fc uagb-infobox__content-wrap  uagb-infobox-icon-above-title uagb-infobox-image-valign-top\"><div class=\"uagb-ifb-content\"><div class=\"uagb-ifb-title-wrap\"><h1 class=\"uagb-ifb-title\">Dani\u00e8le Mounet<\/h1><\/div><p class=\"uagb-ifb-desc\"><br>\u00c9nerg\u00e9ticienne, Sophrologue, <br>Coach de vie, Auteure<br><br>D\u00e9veloppement personnel et spirituel<br><br><\/p><\/div><\/div>\n<\/div>\n<\/div><\/div>\n\n\n\n<div class=\"wp-block-uagb-container uagb-block-f0bc0818 alignfull uagb-is-root-container\"><div class=\"uagb-container-inner-blocks-wrap\">\n<div class=\"wp-block-uagb-advanced-heading uagb-block-fa01a500\"><h3 class=\"uagb-heading-text\">Bien-\u00eatre du corps, de l&rsquo;esprit et de l&rsquo;\u00e2me<\/h3><\/div>\n\n\n\n<div data-aos= \"fade-left\" data-aos-duration=\"400\" data-aos-delay=\"0\" data-aos-easing=\"ease\" data-aos-once=\"true\" class=\"wp-block-uagb-container uagb-block-1dfa82e8\">\n<div class=\"wp-block-uagb-container uagb-block-dde57cca\">\n<div class=\"wp-block-uagb-info-box uagb-block-86c321ab uagb-infobox__content-wrap  uagb-infobox-icon-above-title uagb-infobox-image-valign-top\"><div class=\"uagb-ifb-content\"><div class=\"uagb-ifb-icon-wrap\"><svg xmlns=\"https:\/\/www.w3.org\/2000\/svg\" viewBox=\"0 0 512 512\"><path d=\"M256 159.1c-53.02 0-95.1 42.98-95.1 95.1S202.1 351.1 256 351.1s95.1-42.98 95.1-95.1S309 159.1 256 159.1zM509.3 347L446.1 255.1l63.15-91.01c6.332-9.125 1.104-21.74-9.826-23.72l-109-19.7l-19.7-109c-1.975-10.93-14.59-16.16-23.72-9.824L256 65.89L164.1 2.736c-9.125-6.332-21.74-1.107-23.72 9.824L121.6 121.6L12.56 141.3C1.633 143.2-3.596 155.9 2.736 164.1L65.89 256l-63.15 91.01c-6.332 9.125-1.105 21.74 9.824 23.72l109 19.7l19.7 109c1.975 10.93 14.59 16.16 23.72 9.824L256 446.1l91.01 63.15c9.127 6.334 21.75 1.107 23.72-9.822l19.7-109l109-19.7C510.4 368.8 515.6 356.1 509.3 347zM256 383.1c-70.69 0-127.1-57.31-127.1-127.1c0-70.69 57.31-127.1 127.1-127.1s127.1 57.3 127.1 127.1C383.1 326.7 326.7 383.1 256 383.1z\"><\/path><\/svg><\/div><div class=\"uagb-ifb-title-wrap\"><h4 class=\"uagb-ifb-title\">Soins de l&rsquo;\u00e2me <\/h4><\/div><p class=\"uagb-ifb-desc\">Tant que nous ne comprenons pas ce qui est au-dedans, nous ne pouvons  comprendre ce qui est au-dehors et cr\u00e9er la vie que nous souhaitons !<\/p><\/div><\/div>\n\n\n\n<div class=\"wp-block-uagb-buttons uagb-buttons__outer-wrap uagb-btn__default-btn uagb-btn-tablet__default-btn uagb-btn-mobile__default-btn uagb-block-8687aa92\"><div class=\"uagb-buttons__wrap uagb-buttons-layout-wrap \">\n<div class=\"wp-block-uagb-buttons-child uagb-buttons__outer-wrap uagb-block-bcb0ac3e wp-block-button\"><div class=\"uagb-button__wrapper\"><a class=\"uagb-buttons-repeater wp-block-button__link\" aria-label=\"\" href=\"https:\/\/danielemounet.com\/index.php\/consultations\/\" rel=\"follow noopener\" target=\"_self\" role=\"button\"><div class=\"uagb-button__link\">En savoir plus<\/div><span class=\"uagb-button__icon uagb-button__icon-position-after\"><svg xmlns=\"https:\/\/www.w3.org\/2000\/svg\" viewBox=\"0 0 448 512\" aria-hidden=\"true\" focussable=\"false\"><path d=\"M438.6 278.6l-160 160C272.4 444.9 264.2 448 256 448s-16.38-3.125-22.62-9.375c-12.5-12.5-12.5-32.75 0-45.25L338.8 288H32C14.33 288 .0016 273.7 .0016 256S14.33 224 32 224h306.8l-105.4-105.4c-12.5-12.5-12.5-32.75 0-45.25s32.75-12.5 45.25 0l160 160C451.1 245.9 451.1 266.1 438.6 278.6z\"><\/path><\/svg><\/span><\/a><\/div><\/div>\n<\/div><\/div>\n<\/div>\n\n\n\n<div class=\"wp-block-uagb-container uagb-block-53c60026\">\n<div class=\"wp-block-uagb-info-box uagb-block-816c396e uagb-infobox__content-wrap  uagb-infobox-icon-above-title uagb-infobox-image-valign-top\"><div class=\"uagb-ifb-content\"><div class=\"uagb-ifb-icon-wrap\"><svg xmlns=\"https:\/\/www.w3.org\/2000\/svg\" viewBox=\"0 0 576 512\"><path d=\"M568.3 192c-29 .125-135 6.124-213.9 82.1C321.2 304.7 301 338.3 288 369.9c-13-31.63-33.25-65.25-66.38-94.87C142.8 198.2 36.75 192.2 7.75 192C3.375 192 0 195.4 0 199.9c.25 27.88 7.125 126.2 88.75 199.3C172.8 481 256 479.1 288 479.1s115.2 1.025 199.3-80.85C568.9 326 575.8 227.7 576 199.9C576 195.4 572.6 192 568.3 192zM288 302.6c12.75-18.87 27.62-35.75 44.13-50.5c19-18.62 39.5-33.37 60.25-45.25c-16.5-70.5-51.75-133-96.75-172.3c-4.125-3.5-11-3.5-15.12 0c-45 39.25-80.25 101.6-96.75 172.1c20.37 11.75 40.5 26.12 59.25 44.37C260 266.4 275.1 283.7 288 302.6z\"><\/path><\/svg><\/div><div class=\"uagb-ifb-title-wrap\"><h4 class=\"uagb-ifb-title\">M\u00e9ditation <\/h4><\/div><p class=\"uagb-ifb-desc\">Cette m\u00e9ditation  est un v\u00e9ritable voyage int\u00e9rieur et r\u00e9v\u00e8le en douceur des cl\u00e9s essentielles \u00e0 votre chemin de vie .<\/p><\/div><\/div>\n\n\n\n<div class=\"wp-block-uagb-buttons uagb-buttons__outer-wrap uagb-btn__default-btn uagb-btn-tablet__default-btn uagb-btn-mobile__default-btn uagb-block-5599edab\"><div class=\"uagb-buttons__wrap uagb-buttons-layout-wrap \">\n<div class=\"wp-block-uagb-buttons-child uagb-buttons__outer-wrap uagb-block-9a401f1b wp-block-button\"><div class=\"uagb-button__wrapper\"><a class=\"uagb-buttons-repeater wp-block-button__link\" aria-label=\"\" href=\"https:\/\/danielemounet.com\/index.php\/meditation-interactives\/\" rel=\"follow noopener\" target=\"_self\" role=\"button\"><div class=\"uagb-button__link\">En savoir plus<\/div><span class=\"uagb-button__icon uagb-button__icon-position-after\"><svg xmlns=\"https:\/\/www.w3.org\/2000\/svg\" viewBox=\"0 0 448 512\" aria-hidden=\"true\" focussable=\"false\"><path d=\"M438.6 278.6l-160 160C272.4 444.9 264.2 448 256 448s-16.38-3.125-22.62-9.375c-12.5-12.5-12.5-32.75 0-45.25L338.8 288H32C14.33 288 .0016 273.7 .0016 256S14.33 224 32 224h306.8l-105.4-105.4c-12.5-12.5-12.5-32.75 0-45.25s32.75-12.5 45.25 0l160 160C451.1 245.9 451.1 266.1 438.6 278.6z\"><\/path><\/svg><\/span><\/a><\/div><\/div>\n<\/div><\/div>\n<\/div>\n\n\n\n<div class=\"wp-block-uagb-container uagb-block-1c388046\">\n<div class=\"wp-block-uagb-info-box uagb-block-f5865e33 uagb-infobox__content-wrap  uagb-infobox-icon-above-title uagb-infobox-image-valign-top\"><div class=\"uagb-ifb-content\"><div class=\"uagb-ifb-icon-wrap\"><svg xmlns=\"https:\/\/www.w3.org\/2000\/svg\" viewBox=\"0 0 512 512\"><path d=\"M64 95.1H0c0 123.8 100.3 224 224 224v128C224 465.6 238.4 480 255.1 480S288 465.6 288 448V320C288 196.3 187.7 95.1 64 95.1zM448 32c-84.25 0-157.4 46.5-195.8 115.3c27.75 30.12 48.25 66.88 59 107.5C424 243.1 512 147.9 512 32H448z\"><\/path><\/svg><\/div><div class=\"uagb-ifb-title-wrap\"><h4 class=\"uagb-ifb-title\">Ateliers Vivantiels en pays catalan<\/h4><\/div><p class=\"uagb-ifb-desc\">Vivez l&rsquo;atelier qui vous inspire<strong> :<\/strong><br>Apprenez \u00e0 d\u00e9velopper vos facult\u00e9s subtiles <br>\u00c9nergie des 4 saisons <br>Chemin de vie, contrat d&rsquo;\u00e2me<br>Trouver son IKIGAI<br><br><\/p><\/div><\/div>\n\n\n\n<div class=\"wp-block-uagb-buttons uagb-buttons__outer-wrap uagb-btn__default-btn uagb-btn-tablet__default-btn uagb-btn-mobile__default-btn uagb-block-a08d7564\"><div class=\"uagb-buttons__wrap uagb-buttons-layout-wrap \">\n<div class=\"wp-block-uagb-buttons-child uagb-buttons__outer-wrap uagb-block-08c4ba7a wp-block-button\"><div class=\"uagb-button__wrapper\"><a class=\"uagb-buttons-repeater wp-block-button__link\" aria-label=\"\" href=\"https:\/\/danielemounet.com\/index.php\/ateliers-vivantiels\/\" rel=\"follow noopener\" target=\"_self\" role=\"button\"><div class=\"uagb-button__link\">En savoir plus<\/div><span class=\"uagb-button__icon uagb-button__icon-position-after\"><svg xmlns=\"https:\/\/www.w3.org\/2000\/svg\" viewBox=\"0 0 448 512\" aria-hidden=\"true\" focussable=\"false\"><path d=\"M438.6 278.6l-160 160C272.4 444.9 264.2 448 256 448s-16.38-3.125-22.62-9.375c-12.5-12.5-12.5-32.75 0-45.25L338.8 288H32C14.33 288 .0016 273.7 .0016 256S14.33 224 32 224h306.8l-105.4-105.4c-12.5-12.5-12.5-32.75 0-45.25s32.75-12.5 45.25 0l160 160C451.1 245.9 451.1 266.1 438.6 278.6z\"><\/path><\/svg><\/span><\/a><\/div><\/div>\n<\/div><\/div>\n<\/div>\n<\/div>\n<\/div><\/div>\n\n\n\n<div class=\"wp-block-uagb-container uagb-block-e5dc1f08 alignfull uagb-is-root-container\"><div class=\"uagb-container-inner-blocks-wrap\">\n<div class=\"wp-block-uagb-container uagb-block-14300401\">\n<div class=\"wp-block-uagb-info-box uagb-block-e99cb357 uagb-infobox__content-wrap  uagb-infobox-icon-above-title uagb-infobox-image-valign-top\"><div class=\"uagb-ifb-content\"><div class=\"uagb-ifb-title-wrap\"><h2 class=\"uagb-ifb-title\">L&rsquo;approche de ma pratique<\/h2><\/div><p class=\"uagb-ifb-desc\">Tout en maitrisant plusieurs techniques et outils, j&rsquo; adopte avec les personnes toujours une approche holistique et j&rsquo;exerce dans le cadre d&rsquo;une d\u00e9marche de d\u00e9veloppement personnel et spirituel.<br><\/p><div class=\"uagb-ifb-button-wrapper wp-block-button\"><a href=\"https:\/\/danielemounet.com\/index.php\/qui-suis-je\/\" class=\"uagb-infobox-cta-link wp-block-button__link\" target=\"_self\" rel=\"noopener noreferrer\" onclick=\"return true;\"><span class=\"uagb-inline-editing\">Qui suis-je ?<\/span><svg xmlns=\"https:\/\/www.w3.org\/2000\/svg\" viewBox=\"0 0 512 512\"><path d=\"M502.6 278.6l-128 128c-12.51 12.51-32.76 12.49-45.25 0c-12.5-12.5-12.5-32.75 0-45.25L402.8 288H32C14.31 288 0 273.7 0 255.1S14.31 224 32 224h370.8l-73.38-73.38c-12.5-12.5-12.5-32.75 0-45.25s32.75-12.5 45.25 0l128 128C515.1 245.9 515.1 266.1 502.6 278.6z\"><\/path><\/svg><\/a><\/div><\/div><\/div>\n<\/div>\n\n\n\n<div class=\"wp-block-uagb-container uagb-block-0d4238b4\">\n<div class=\"wp-block-uagb-info-box uagb-block-1709c353 uagb-infobox__content-wrap  uagb-infobox-icon-above-title uagb-infobox-image-valign-top\"><div class=\"uagb-ifb-content\"><div class=\"uagb-ifb-separator\"><\/div><div class=\"uagb-ifb-title-wrap\"><span class=\"uagb-ifb-title-prefix\">01<\/span><h4 class=\"uagb-ifb-title\">Soins \u00e9nerg\u00e9tiques<\/h4><\/div><\/div><\/div>\n\n\n\n<div class=\"wp-block-uagb-info-box uagb-block-ad3c60cb uagb-infobox__content-wrap  uagb-infobox-icon-above-title uagb-infobox-image-valign-top\"><div class=\"uagb-ifb-content\"><div class=\"uagb-ifb-separator\"><\/div><div class=\"uagb-ifb-title-wrap\"><span class=\"uagb-ifb-title-prefix\">02<\/span><h4 class=\"uagb-ifb-title\">Plus de 20 ans d&rsquo;exp\u00e9rience &#8230;<\/h4><\/div><p class=\"uagb-ifb-desc\"><br><\/p><\/div><\/div>\n<\/div>\n<\/div><\/div>\n\n\n\n<div class=\"wp-block-uagb-container uagb-block-93d4866e alignfull uagb-is-root-container\"><div class=\"uagb-container-inner-blocks-wrap\">\n<div class=\"wp-block-uagb-advanced-heading uagb-block-f8f4c684\"><\/div>\n\n\n\n<div class=\"wp-block-uagb-info-box uagb-block-63763c4c uagb-infobox__content-wrap  uagb-infobox-icon-above-title uagb-infobox-image-valign-top\"><div class=\"uagb-ifb-content\"><div class=\"uagb-ifb-title-wrap\"><h2 class=\"uagb-ifb-title\">Besoin d&rsquo;informations ?<\/h2><\/div><p class=\"uagb-ifb-desc\">Contactez-moi via la rubrique contact.<br><a href=\"https:\/\/websitedemos.net\/lotus-spa-02\/?brainstormforce=pTXyytedV9E9TFhT#\"><\/a><\/p><div class=\"uagb-ifb-button-wrapper wp-block-button\"><a href=\"https:\/\/danielemounet.com\/index.php\/contact\/\" class=\"uagb-infobox-cta-link wp-block-button__link\" target=\"_self\" rel=\"noopener noreferrer\" onclick=\"return true;\"><span class=\"uagb-inline-editing\">Contact<\/span><svg xmlns=\"https:\/\/www.w3.org\/2000\/svg\" viewBox=\"0 0 512 512\"><path d=\"M502.6 278.6l-128 128c-12.51 12.51-32.76 12.49-45.25 0c-12.5-12.5-12.5-32.75 0-45.25L402.8 288H32C14.31 288 0 273.7 0 255.1S14.31 224 32 224h370.8l-73.38-73.38c-12.5-12.5-12.5-32.75 0-45.25s32.75-12.5 45.25 0l128 128C515.1 245.9 515.1 266.1 502.6 278.6z\"><\/path><\/svg><\/a><\/div><\/div><\/div>\n<\/div><\/div>\n\n\n\n<div class=\"wp-block-uagb-container uagb-block-79c34dd3 alignfull uagb-is-root-container\"><div class=\"uagb-container-inner-blocks-wrap\">\n<div class=\"wp-block-uagb-advanced-heading uagb-block-f975e43d\"><\/div>\n\n\n\n<div class=\"wp-block-uagb-info-box uagb-block-0be7dce4 uagb-infobox__content-wrap  uagb-infobox-icon-above-title uagb-infobox-image-valign-top\"><div class=\"uagb-ifb-content\"><div class=\"uagb-ifb-title-wrap\"><h2 class=\"uagb-ifb-title\">Mes valeurs pour vous accompagner<\/h2><\/div><p class=\"uagb-ifb-desc\">Lors de chacune de mes interventions je m&rsquo;engage \u00e0 respecter mes valeurs et \u00e0 ne faire aucun pros\u00e9lytisme. <br>Mes prestations ne se substituent pas \u00e0 un avis, suivi de m\u00e9decin, psychologue, psychoth\u00e9rapeute\u2026 et traitement m\u00e9dical. <\/p><\/div><\/div>\n\n\n\n<div class=\"wp-block-uagb-container uagb-block-554b0593\">\n<div class=\"wp-block-uagb-container uagb-block-f6fe117b\">\n<div class=\"wp-block-uagb-info-box uagb-block-e4af45de uagb-infobox__content-wrap  uagb-infobox-icon-above-title uagb-infobox-image-valign-top\"><div class=\"uagb-ifb-content\"><div class=\"uagb-ifb-title-wrap\"><h3 class=\"uagb-ifb-title\">\u00c9coute<\/h3><\/div><\/div><\/div>\n<\/div>\n\n\n\n<div class=\"wp-block-uagb-container uagb-block-99f885ce\">\n<div class=\"wp-block-uagb-info-box uagb-block-26fcd263 uagb-infobox__content-wrap  uagb-infobox-icon-above-title uagb-infobox-image-valign-top\"><div class=\"uagb-ifb-content\"><div class=\"uagb-ifb-title-wrap\"><h3 class=\"uagb-ifb-title\">Bienveillance<\/h3><\/div><\/div><\/div>\n<\/div>\n<\/div>\n\n\n\n<div class=\"wp-block-uagb-container uagb-block-d28aed9f\">\n<div class=\"wp-block-uagb-container uagb-block-e8b75c20\">\n<div class=\"wp-block-uagb-info-box uagb-block-0dd81423 uagb-infobox__content-wrap  uagb-infobox-icon-above-title uagb-infobox-image-valign-top\"><div class=\"uagb-ifb-content\"><div class=\"uagb-ifb-title-wrap\"><h3 class=\"uagb-ifb-title\">Empathie<\/h3><\/div><\/div><\/div>\n<\/div>\n\n\n\n<div class=\"wp-block-uagb-container uagb-block-2c24a054\">\n<div class=\"wp-block-uagb-info-box uagb-block-45c16c37 uagb-infobox__content-wrap  uagb-infobox-icon-above-title uagb-infobox-image-valign-top\"><div class=\"uagb-ifb-content\"><div class=\"uagb-ifb-title-wrap\"><h3 class=\"uagb-ifb-title\">Respect et libre arbitre<\/h3><\/div><\/div><\/div>\n<\/div>\n<\/div>\n<\/div><\/div>\n\n\n\n<div class=\"wp-block-uagb-container uagb-block-96654da6 alignfull uagb-is-root-container\"><div class=\"uagb-container-inner-blocks-wrap\">\n<div class=\"wp-block-uagb-info-box uagb-block-2318a896 uagb-infobox__content-wrap  uagb-infobox-icon-above-title uagb-infobox-image-valign-top\"><div class=\"uagb-ifb-content\"><div class=\"uagb-ifb-icon-wrap\"><svg xmlns=\"https:\/\/www.w3.org\/2000\/svg\" viewBox=\"0 0 448 512\"><path d=\"M96 224C84.72 224 74.05 226.3 64 229.9V224c0-35.3 28.7-64 64-64c17.67 0 32-14.33 32-32S145.7 96 128 96C57.42 96 0 153.4 0 224v96c0 53.02 42.98 96 96 96s96-42.98 96-96S149 224 96 224zM352 224c-11.28 0-21.95 2.305-32 5.879V224c0-35.3 28.7-64 64-64c17.67 0 32-14.33 32-32s-14.33-32-32-32c-70.58 0-128 57.42-128 128v96c0 53.02 42.98 96 96 96s96-42.98 96-96S405 224 352 224z\"><\/path><\/svg><\/div><div class=\"uagb-ifb-title-wrap\"><\/div><p class=\"uagb-ifb-desc\">J&rsquo;ai \u00e0 c\u0153ur de vous accompagner et de vous aider sur votre chemin de vie en vous reconnectant \u00e0 votre joie int\u00e9rieure, votre s\u00e9r\u00e9nit\u00e9 et votre plein potentiel, \u00e0 vous sentir libre en vous \u00e9panouissant.<\/p><\/div><\/div>\n\n\n\n<div class=\"wp-block-uagb-info-box uagb-block-70dd1239 uagb-infobox__content-wrap  uagb-infobox-icon-above-title uagb-infobox-image-valign-top\"><div class=\"uagb-ifb-content\"><div class=\"uagb-ifb-image-content\"><img loading=\"lazy\" decoding=\"async\" src=\"https:\/\/danielemounet.com\/wp-content\/uploads\/2024\/03\/IMG-20230701-WA0002-150x150.jpg\" alt=\"\" width=\"150\" height=\"150\" loading=\"lazy\"\/><\/div><div class=\"uagb-ifb-title-wrap\"><span class=\"uagb-ifb-title-prefix\">Dani\u00e8le Mounet<\/span><\/div><\/div><\/div>\n<\/div><\/div>\n\n\n\n<div class=\"wp-block-uagb-container uagb-block-3ffb514f alignfull uagb-is-root-container\"><div class=\"uagb-container-inner-blocks-wrap\">\n<div class=\"wp-block-uagb-container uagb-block-161b7a00\">\n<div class=\"wp-block-uagb-advanced-heading uagb-block-200a12bf\"><h6 class=\"uagb-heading-text\">devenez QUI VOUS \u00caTES VRAIMENT<\/h6><\/div>\n\n\n\n<div class=\"wp-block-uagb-info-box uagb-block-c3033f57 uagb-infobox__content-wrap  uagb-infobox-icon-above-title uagb-infobox-image-valign-top\"><div class=\"uagb-ifb-content\"><div class=\"uagb-ifb-title-wrap\"><h2 class=\"uagb-ifb-title\">Contactez-moi<\/h2><\/div><p class=\"uagb-ifb-desc\">Mes prestations sont r\u00e9serv\u00e9es sur les pages d\u00e9di\u00e9es. J&rsquo;effectue mes consultations par t\u00e9l\u00e9phone car le temps et l&rsquo;espace n&rsquo;impactent pas l&rsquo;\u00e9nergie<br>subtile. Leur efficacit\u00e9 est la m\u00eame que je sois pr\u00e9sente \u00e0 vos c\u00f4t\u00e9s ou \u00e0 des milliers de kilom\u00e8tres.<\/p><\/div><\/div>\n\n\n\n<div class=\"wp-block-uagb-info-box uagb-block-6a976470 uagb-infobox__content-wrap  uagb-infobox-icon-left uagb-infobox-left uagb-infobox-image-valign-top\"><div class=\"uagb-ifb-icon-wrap\"><svg xmlns=\"https:\/\/www.w3.org\/2000\/svg\" viewBox=\"0 0 384 512\"><path d=\"M168.3 499.2C116.1 435 0 279.4 0 192C0 85.96 85.96 0 192 0C298 0 384 85.96 384 192C384 279.4 267 435 215.7 499.2C203.4 514.5 180.6 514.5 168.3 499.2H168.3zM192 256C227.3 256 256 227.3 256 192C256 156.7 227.3 128 192 128C156.7 128 128 156.7 128 192C128 227.3 156.7 256 192 256z\"><\/path><\/svg><\/div><div class=\"uagb-ifb-content\"><div class=\"uagb-ifb-title-wrap\"><h6 class=\"uagb-ifb-title\">LOCALISATION<\/h6><\/div><p class=\"uagb-ifb-desc\">Partout ! Les consultations sont r\u00e9alis\u00e9es via Whatsapp ou Skype.<\/p><div class=\"uagb-ifb-separator\"><\/div><\/div><\/div>\n\n\n\n<div class=\"wp-block-uagb-container uagb-block-1031799a\">\n<div class=\"wp-block-uagb-info-box uagb-block-665af1c0 uagb-infobox__content-wrap  uagb-infobox-icon-left uagb-infobox-left uagb-infobox-image-valign-top\"><div class=\"uagb-ifb-icon-wrap\"><svg xmlns=\"https:\/\/www.w3.org\/2000\/svg\" viewBox=\"0 0 512 512\"><path d=\"M511.2 387l-23.25 100.8c-3.266 14.25-15.79 24.22-30.46 24.22C205.2 512 0 306.8 0 54.5c0-14.66 9.969-27.2 24.22-30.45l100.8-23.25C139.7-2.602 154.7 5.018 160.8 18.92l46.52 108.5c5.438 12.78 1.77 27.67-8.98 36.45L144.5 207.1c33.98 69.22 90.26 125.5 159.5 159.5l44.08-53.8c8.688-10.78 23.69-14.51 36.47-8.975l108.5 46.51C506.1 357.2 514.6 372.4 511.2 387z\"><\/path><\/svg><\/div><div class=\"uagb-ifb-content\"><div class=\"uagb-ifb-title-wrap\"><h6 class=\"uagb-ifb-title\">CONTACT<\/h6><\/div><p class=\"uagb-ifb-desc\">Merci de me contacter en remplissant le formulaire ci-contre.<\/p><div class=\"uagb-ifb-separator\"><\/div><\/div><\/div>\n<\/div>\n<\/div>\n\n\n\n<div class=\"wp-block-uagb-container uagb-block-5b1d6a73\">\n<div class=\"wp-block-uagb-info-box uagb-block-b801b632 uagb-infobox__content-wrap  uagb-infobox-icon-above-title uagb-infobox-image-valign-top\"><div class=\"uagb-ifb-content\"><div class=\"uagb-ifb-title-wrap\"><\/div><div class=\"uagb-ifb-separator\"><\/div><\/div><\/div>\n\n\n\n<div class=\"wp-block-uagb-forms uagb-forms__outer-wrap uagb-block-29038787 uagb-forms__medium-btn\"><form class=\"uagb-forms-main-form\" method=\"post\" autocomplete=\"on\" name=\"uagb-form-29038787\">\n<div class=\"wp-block-uagb-forms-name uagb-forms-name-wrap uagb-forms-field-set uagb-block-4ceaed83\"><div class=\"uagb-forms-name-label required uagb-forms-input-label\" id=\"4ceaed83\">Pr\u00e9nom<\/div><input type=\"text\" placeholder=\"John\" required class=\"uagb-forms-name-input uagb-forms-input\" name=\"4ceaed83\" autocomplete=\"given-name\"\/><\/div>\n\n\n\n<div class=\"wp-block-uagb-forms-name uagb-forms-name-wrap uagb-forms-field-set uagb-block-c7dc445c\"><div class=\"uagb-forms-name-label required uagb-forms-input-label\" id=\"c7dc445c\">Nom de Famille<\/div><input type=\"text\" placeholder=\"Doe\" required class=\"uagb-forms-name-input uagb-forms-input\" name=\"c7dc445c\" autocomplete=\"family-name\"\/><\/div>\n\n\n\n<div class=\"wp-block-uagb-forms-select uagb-forms-select-wrap uagb-forms-field-set uagb-block-56c32abf\"><div class=\"uagb-forms-select-label required uagb-forms-input-label\" id=\"56c32abf\">Votre demande concerne :<\/div><select class=\"uagb-forms-select-box uagb-forms-input\" required name=\"56c32abf\"><option value=\"\" disabled selected>Select your option<\/option><option value=\"Consultations\">Consultations<\/option><option value=\"M\u00e9ditation hypnotique\">M\u00e9ditation hypnotique<\/option><option value=\"Ateliers vivantiels\">Ateliers vivantiels<\/option><option value=\"Acheter mon livre &quot;Charl\u00e8ne ou la voix de la gu\u00e9rison&quot;\">Acheter mon livre \u00ab\u00a0Charl\u00e8ne ou la voix de la gu\u00e9rison\u00a0\u00bb<\/option><option value=\"Voyage initiatique dans le d\u00e9sert\">Voyage initiatique dans le d\u00e9sert<\/option><option value=\"Autre (pr\u00e9ciser)\">Autre (pr\u00e9ciser)<\/option><\/select><\/div>\n\n\n\n<div class=\"wp-block-uagb-forms-email uagb-forms-email-wrap uagb-forms-field-set uagb-block-c2620d54\"><div class=\"uagb-forms-email-label required uagb-forms-input-label\" id=\"c2620d54\">Email<\/div><input type=\"email\" class=\"uagb-forms-email-input uagb-forms-input\" placeholder=\"example@mail.com\" required name=\"c2620d54\" autocomplete=\"email\"\/><\/div>\n\n\n\n<div class=\"wp-block-uagb-forms-textarea uagb-forms-textarea-wrap uagb-forms-field-set uagb-block-3f28e216\"><div class=\"uagb-forms-textarea-label  uagb-forms-input-label\" id=\"3f28e216\">Message<\/div><textarea class=\"uagb-forms-textarea-input uagb-forms-input\" rows=\"4\" placeholder=\"Enter your message\" name=\"3f28e216\" autocomplete=\"off\"><\/textarea><\/div>\n<div class=\"uagb-forms-form-hidden-data\"><input type=\"hidden\" class=\"uagb_forms_form_label\" value=\"Formulaire de contact\"\/><input type=\"hidden\" class=\"uagb_forms_form_id\" value=\"uagb-form-29038787\"\/><\/div><div class=\"uagb-form-reacaptcha-error-29038787\"><\/div><div class=\"uagb-forms-main-submit-button-wrap wp-block-button\"><button class=\"uagb-forms-main-submit-button wp-block-button__link\"><div class=\"uagb-forms-main-submit-button-text\">Envoyer<\/div><\/button><\/div><\/form><div class=\"uagb-forms-success-message-29038787 uagb-forms-submit-message-hide\"><span>Votre demande a \u00e9t\u00e9 envoy\u00e9e correctement.<\/span><\/div><div class=\"uagb-forms-failed-message-29038787 uagb-forms-submit-message-hide\"><span>Il s&rsquo;est produit une erreur lors de l&rsquo;envoi de votre demande. Veuillez v\u00e9rifier les champs remplis et r\u00e9essayer.<\/span><\/div><\/div>\n<\/div>\n<\/div><\/div>\n\n\n\n<p><\/p>\n","protected":false},"excerpt":{"rendered":"<p>Aller au c\u0153ur de soi Bien-\u00eatre du corps, de l&rsquo;esprit et de l&rsquo;\u00e2me devenez QUI VOUS \u00caTES VRAIMENT<\/p>\n","protected":false},"author":2,"featured_media":0,"parent":0,"menu_order":0,"comment_status":"closed","ping_status":"closed","template":"","meta":{"_uag_custom_page_level_css":"","_swt_meta_header_display":false,"_swt_meta_footer_display":false,"_swt_meta_site_title_display":true,"_swt_meta_sticky_header":false,"_swt_meta_transparent_header":false,"footnotes":""},"class_list":["post-7","page","type-page","status-publish","hentry"],"uagb_featured_image_src":{"full":false,"thumbnail":false,"medium":false,"medium_large":false,"large":false,"1536x1536":false,"2048x2048":false},"uagb_author_info":{"display_name":"Jennifer Mounet","author_link":"https:\/\/danielemounet.com\/index.php\/author\/jennifer\/"},"uagb_comment_info":0,"uagb_excerpt":"Aller au c\u0153ur de soi Bien-\u00eatre du corps, de l&rsquo;esprit et de l&rsquo;\u00e2me devenez QUI VOUS \u00caTES VRAIMENT","_links":{"self":[{"href":"https:\/\/danielemounet.com\/index.php\/wp-json\/wp\/v2\/pages\/7","targetHints":{"allow":["GET"]}}],"collection":[{"href":"https:\/\/danielemounet.com\/index.php\/wp-json\/wp\/v2\/pages"}],"about":[{"href":"https:\/\/danielemounet.com\/index.php\/wp-json\/wp\/v2\/types\/page"}],"author":[{"embeddable":true,"href":"https:\/\/danielemounet.com\/index.php\/wp-json\/wp\/v2\/users\/2"}],"replies":[{"embeddable":true,"href":"https:\/\/danielemounet.com\/index.php\/wp-json\/wp\/v2\/comments?post=7"}],"version-history":[{"count":162,"href":"https:\/\/danielemounet.com\/index.php\/wp-json\/wp\/v2\/pages\/7\/revisions"}],"predecessor-version":[{"id":1711,"href":"https:\/\/danielemounet.com\/index.php\/wp-json\/wp\/v2\/pages\/7\/revisions\/1711"}],"wp:attachment":[{"href":"https:\/\/danielemounet.com\/index.php\/wp-json\/wp\/v2\/media?parent=7"}],"curies":[{"name":"wp","href":"https:\/\/api.w.org\/{rel}","templated":true}]}}