{"id":851,"date":"2024-03-19T22:28:51","date_gmt":"2024-03-19T21:28:51","guid":{"rendered":"https:\/\/danielemounet.com\/?page_id=851"},"modified":"2024-06-08T22:46:34","modified_gmt":"2024-06-08T20:46:34","slug":"mentions-legales","status":"publish","type":"page","link":"https:\/\/danielemounet.com\/index.php\/mentions-legales\/","title":{"rendered":"Mentions l\u00e9gales"},"content":{"rendered":"\n<p>Dani\u00e8le MOUNET est la repr\u00e9sentante du site web www.danielemounet.com<\/p>\n\n\n\n<p><\/p>\n\n\n\n<p>Elle est elle-m\u00eame repr\u00e9sent\u00e9e par :<br>SARL FREECADRE, cr\u00e9\u00e9e le 2 ao\u00fbt 2001 \u00e0 N\u00eemes.<\/p>\n\n\n\n<p><br>Le site web www.danielemounet.com est h\u00e9berg\u00e9 par OVH :<br>2 rue Kellermann<br>59 100 Roubaix<br>France<\/p>\n","protected":false},"excerpt":{"rendered":"<p>Dani\u00e8le MOUNET est la repr\u00e9sentante du site web www.danielemounet.com Elle est elle-m\u00eame repr\u00e9sent\u00e9e par :SARL FREECADRE, cr\u00e9\u00e9e le 2 ao\u00fbt 2001 \u00e0 N\u00eemes. Le site web www.danielemounet.com est h\u00e9berg\u00e9 par OVH :2 rue Kellermann59 100 RoubaixFrance<\/p>\n","protected":false},"author":2,"featured_media":0,"parent":0,"menu_order":0,"comment_status":"closed","ping_status":"closed","template":"","meta":{"_uag_custom_page_level_css":"","_swt_meta_header_display":false,"_swt_meta_footer_display":false,"_swt_meta_site_title_display":false,"_swt_meta_sticky_header":false,"_swt_meta_transparent_header":false,"footnotes":""},"class_list":["post-851","page","type-page","status-publish","hentry"],"uagb_featured_image_src":{"full":false,"thumbnail":false,"medium":false,"medium_large":false,"large":false,"1536x1536":false,"2048x2048":false},"uagb_author_info":{"display_name":"Jennifer Mounet","author_link":"https:\/\/danielemounet.com\/index.php\/author\/jennifer\/"},"uagb_comment_info":0,"uagb_excerpt":"Dani\u00e8le MOUNET est la repr\u00e9sentante du site web www.danielemounet.com Elle est elle-m\u00eame repr\u00e9sent\u00e9e par :SARL FREECADRE, cr\u00e9\u00e9e le 2 ao\u00fbt 2001 \u00e0 N\u00eemes. Le site web www.danielemounet.com est h\u00e9berg\u00e9 par OVH :2 rue Kellermann59 100 RoubaixFrance","_links":{"self":[{"href":"https:\/\/danielemounet.com\/index.php\/wp-json\/wp\/v2\/pages\/851","targetHints":{"allow":["GET"]}}],"collection":[{"href":"https:\/\/danielemounet.com\/index.php\/wp-json\/wp\/v2\/pages"}],"about":[{"href":"https:\/\/danielemounet.com\/index.php\/wp-json\/wp\/v2\/types\/page"}],"author":[{"embeddable":true,"href":"https:\/\/danielemounet.com\/index.php\/wp-json\/wp\/v2\/users\/2"}],"replies":[{"embeddable":true,"href":"https:\/\/danielemounet.com\/index.php\/wp-json\/wp\/v2\/comments?post=851"}],"version-history":[{"count":3,"href":"https:\/\/danielemounet.com\/index.php\/wp-json\/wp\/v2\/pages\/851\/revisions"}],"predecessor-version":[{"id":1169,"href":"https:\/\/danielemounet.com\/index.php\/wp-json\/wp\/v2\/pages\/851\/revisions\/1169"}],"wp:attachment":[{"href":"https:\/\/danielemounet.com\/index.php\/wp-json\/wp\/v2\/media?parent=851"}],"curies":[{"name":"wp","href":"https:\/\/api.w.org\/{rel}","templated":true}]}}